{"id":2036,"date":"2021-02-19T19:32:49","date_gmt":"2021-02-19T22:32:49","guid":{"rendered":"http:\/\/projetos.wlocus.com.br\/abasc\/?page_id=2036"},"modified":"2021-05-05T12:30:52","modified_gmt":"2021-05-05T15:30:52","slug":"contribua","status":"publish","type":"page","link":"http:\/\/projetos.wlocus.com.br\/abasc\/contribua\/","title":{"rendered":"Contribua"},"content":{"rendered":"<p>[et_pb_section fb_built=&#8221;1&#8243; disabled_on=&#8221;off|off|off&#8221; admin_label=&#8221;section&#8221; _builder_version=&#8221;3.22&#8243;][et_pb_row column_structure=&#8221;3_5,2_5&#8243; _builder_version=&#8221;4.9.3&#8243; _module_preset=&#8221;default&#8221;][et_pb_column type=&#8221;3_5&#8243; _builder_version=&#8221;4.9.3&#8243; _module_preset=&#8221;default&#8221;][et_pb_text _builder_version=&#8221;4.9.3&#8243; _module_preset=&#8221;default&#8221; text_font=&#8221;|700|||||||&#8221; text_font_size=&#8221;18px&#8221;]<\/p>\n<p>Voc\u00ea pode ajudar algu\u00e9m! As doa\u00e7\u00f5es que recebemos t\u00eam apoiado muitas pessoas. Voc\u00ea faz parte disso!<\/p>\n<p>[\/et_pb_text][et_pb_toggle title=&#8221;Doa\u00e7\u00f5es de m\u00f3veis, roupas e utens\u00edlios&#8221; open_toggle_text_color=&#8221;#d59239&#8243; open_toggle_background_color=&#8221;#ffffff&#8221; closed_toggle_background_color=&#8221;#ffffff&#8221; icon_color=&#8221;#d59239&#8243; use_icon_font_size=&#8221;on&#8221; icon_font_size=&#8221;24px&#8221; _builder_version=&#8221;4.9.3&#8243; _module_preset=&#8221;default&#8221; title_text_color=&#8221;#d59239&#8243; title_level=&#8221;h2&#8243; title_font=&#8221;|600|||||||&#8221; title_font_size=&#8221;21px&#8221; body_line_height=&#8221;1.8em&#8221; border_radii=&#8221;on|5px|5px|5px|5px&#8221; border_color_all=&#8221;#e8e8e8&#8243;]<\/p>\n<p>Voc\u00ea pode ajudar algu\u00e9m! As doa\u00e7\u00f5es que recebemos t\u00eam apoiado muitas pessoas. Voc\u00ea faz parte disso!<\/p>\n<p>A ABASC aceita doa\u00e7\u00e3o de m\u00f3veis, eletrodom\u00e9sticos (geladeira, fog\u00e3o, m\u00e1quina de lavar roupas), utens\u00edlios dom\u00e9sticos, pe\u00e7as de vestu\u00e1rio, sapatos, bolsas, roupas de cama, mesa e banho, artigos de inform\u00e1tica (computador, notebook, impressora), material escolar e de costura, cama hospitalar, cadeira para banho. As doa\u00e7\u00f5es s\u00e3o encaminhadas para fam\u00edlias que passam por situa\u00e7\u00e3o de vulnerabilidade e congrega\u00e7\u00f5es da PIB Curitiba, projetos da ABASC, al\u00e9m de manter o bazar social, cujos recursos s\u00e3o destinados integralmente para manuten\u00e7\u00e3o dos projetos que desenvolvemos.<\/p>\n<p><strong>Orienta\u00e7\u00f5es<\/strong><\/p>\n<ul>\n<li>As doa\u00e7\u00f5es devem estar em condi\u00e7\u00f5es de uso.<\/li>\n<li>Pe\u00e7as de vestu\u00e1rio, sapatos, roupas de cama, mesa e banho e utens\u00edlios dom\u00e9sticos e outros podem ser entregues diretamente na sede da ABASC, Rua Bento Viana, 1200, nos locais destinados para esse fim, que encontram-se na recep\u00e7\u00e3o.<\/li>\n<li>&#8211; M\u00f3veis: n\u00e3o dispomos de espa\u00e7o para armazenamento de m\u00f3veis. Por isso, sua retirada est\u00e1 condicionada a termos a quem direcionar.<\/li>\n<\/ul>\n<p><strong>Formas de entrega\/retirada de m\u00f3veis e eletrodom\u00e9sticos:<br \/><\/strong><em>Entre em contato pelo WhatsApp +55 (41) 99885-0600.<\/em><\/p>\n<ol>\n<li>Voc\u00ea pode levar at\u00e9 a Pib Curitiba, sede da ABASC &#8211; Rua Bento Viana, 1200 &#8211; Batel.<\/li>\n<li>Quem precisa vai buscar no seu endere\u00e7o: fazemos a ponte entre a pessoa que necessita e o doador.<\/li>\n<li>N\u00f3s coletamos: Vamos buscar no seu endere\u00e7o e entregamos para quem precisa.<\/li>\n<\/ol>\n<p><strong>Importante:<\/strong><\/p>\n<p>&nbsp;<\/p>\n<ul>\n<li>Nossas coletas s\u00e3o feitas em dia fixo, pois dependemos da disponibilidade do motorista volunt\u00e1rio e do caminh\u00e3o. Portanto, voc\u00ea ser\u00e1 informado do agendamento para a retirada de sua doa\u00e7\u00e3o.<\/li>\n<li>N\u00e3o desmontamos nem montamos m\u00f3veis.<\/li>\n<\/ul>\n<p>[\/et_pb_toggle][et_pb_toggle title=&#8221;Doa\u00e7\u00f5es de alimento&#8221; open_toggle_text_color=&#8221;#d59239&#8243; open_toggle_background_color=&#8221;#ffffff&#8221; closed_toggle_background_color=&#8221;#ffffff&#8221; icon_color=&#8221;#d59239&#8243; use_icon_font_size=&#8221;on&#8221; icon_font_size=&#8221;24px&#8221; _builder_version=&#8221;4.9.3&#8243; _module_preset=&#8221;default&#8221; title_text_color=&#8221;#d59239&#8243; title_level=&#8221;h2&#8243; title_font=&#8221;|600|||||||&#8221; title_font_size=&#8221;21px&#8221; body_line_height=&#8221;1.8em&#8221; border_radii=&#8221;on|5px|5px|5px|5px&#8221; border_color_all=&#8221;#e8e8e8&#8243;]<\/p>\n<p>Voc\u00ea tamb\u00e9m pode nos ajudar a colocar alimento na mesa de muitas fam\u00edlias. Nossa principal doa\u00e7\u00e3o s\u00e3o as cestas b\u00e1sicas, que fazemos por meio dos atendimentos sociais, realizados em nossa sede. Voc\u00ea pode contribuir na doa\u00e7\u00e3o da cesta completa ou com itens que comp\u00f5em a cesta; n\u00f3s tamb\u00e9m montamos.<\/p>\n<p><strong>Os itens que usamos para as cestas s\u00e3o:<\/strong><\/p>\n<p>1 pacote de arroz &#8211; 5 kg<br \/>1 pacote de feij\u00e3o &#8211; 3 kg<br \/>1 pacote de a\u00e7\u00facar &#8211; 3 kg<br \/>1 lata de \u00f3leo de soja \u2013 900 ml<br \/>1 pacote de caf\u00e9 \u2013 500 g<br \/>3 pacotes de macarr\u00e3o \u2013 500 g<br \/>1 pacote de polenta \u2013 500 g<br \/>1 pacote de trigo &#8211; 3kg<br \/>1 pacote de achocolatado \u2013 400 g<br \/>2 pacotes de leite em p\u00f3 &#8211; 400 g<br \/>4 latas de sardinha &#8211; 125 g<br \/>2 sach\u00eas de molho de tomate 340 g<\/p>\n<p>[\/et_pb_toggle][et_pb_toggle title=&#8221;Doa\u00e7\u00f5es em dinheiro&#8221; open_toggle_text_color=&#8221;#d59239&#8243; open_toggle_background_color=&#8221;#ffffff&#8221; closed_toggle_background_color=&#8221;#ffffff&#8221; icon_color=&#8221;#d59239&#8243; use_icon_font_size=&#8221;on&#8221; icon_font_size=&#8221;24px&#8221; _builder_version=&#8221;4.9.3&#8243; _module_preset=&#8221;default&#8221; title_text_color=&#8221;#d59239&#8243; title_level=&#8221;h2&#8243; title_font=&#8221;|600|||||||&#8221; title_font_size=&#8221;21px&#8221; body_line_height=&#8221;1.8em&#8221; border_radii=&#8221;on|5px|5px|5px|5px&#8221; border_color_all=&#8221;#e8e8e8&#8243;]<\/p>\n<p><strong>CNPJ<\/strong><br \/>02.052.396\/0001-46<\/p>\n<p><strong>Ita\u00fa<\/strong> <br \/>Ag: 3835 \u2013 Cc: 48977-8<\/p>\n<p><strong>Caixa<\/strong> <br \/>Ag\u00eancia: 1316 \u2013 Op: 003 Cc: 1655-7<\/p>\n<p><strong>PIX<\/strong><br \/>02.052.396\/0001-46<\/p>\n<p>[\/et_pb_toggle][\/et_pb_column][et_pb_column type=&#8221;2_5&#8243; _builder_version=&#8221;4.9.3&#8243; _module_preset=&#8221;default&#8221;][et_pb_text _builder_version=&#8221;4.9.3&#8243; _module_preset=&#8221;default&#8221; text_font=&#8221;|700|||||||&#8221; text_font_size=&#8221;18px&#8221;]<\/p>\n<p>Entre em conosco via Whatsapp ou pelo formul\u00e1rio!<\/p>\n<p>[\/et_pb_text][et_pb_image src=&#8221;http:\/\/projetos.wlocus.com.br\/abasc\/wp-content\/uploads\/2021\/04\/botao-contato-whatsapp.png&#8221; title_text=&#8221;botao-contato-whatsapp&#8221; url=&#8221;https:\/\/api.whatsapp.com\/send?phone=5541998850600&#038;text=Ol%C3%A1%2C%20gostaria%20de%20fazer%20uma%20doa%C3%A7%C3%A3o&#8221; url_new_window=&#8221;on&#8221; align=&#8221;center&#8221; _builder_version=&#8221;4.9.3&#8243; _module_preset=&#8221;default&#8221;][\/et_pb_image][et_pb_contact_form submit_button_text=&#8221;ENVIAR&#8221; _builder_version=&#8221;4.9.3&#8243; _module_preset=&#8221;default&#8221; custom_button=&#8221;on&#8221;][et_pb_contact_field field_id=&#8221;Name&#8221; field_title=&#8221;Nome&#8221; _builder_version=&#8221;3.16&#8243; button_text_size__hover_enabled=&#8221;off&#8221; button_one_text_size__hover_enabled=&#8221;off&#8221; button_two_text_size__hover_enabled=&#8221;off&#8221; button_text_color__hover_enabled=&#8221;off&#8221; button_one_text_color__hover_enabled=&#8221;off&#8221; button_two_text_color__hover_enabled=&#8221;off&#8221; button_border_width__hover_enabled=&#8221;off&#8221; button_one_border_width__hover_enabled=&#8221;off&#8221; button_two_border_width__hover_enabled=&#8221;off&#8221; button_border_color__hover_enabled=&#8221;off&#8221; button_one_border_color__hover_enabled=&#8221;off&#8221; button_two_border_color__hover_enabled=&#8221;off&#8221; button_border_radius__hover_enabled=&#8221;off&#8221; button_one_border_radius__hover_enabled=&#8221;off&#8221; button_two_border_radius__hover_enabled=&#8221;off&#8221; button_letter_spacing__hover_enabled=&#8221;off&#8221; button_one_letter_spacing__hover_enabled=&#8221;off&#8221; button_two_letter_spacing__hover_enabled=&#8221;off&#8221; button_bg_color__hover_enabled=&#8221;off&#8221; button_one_bg_color__hover_enabled=&#8221;off&#8221; button_two_bg_color__hover_enabled=&#8221;off&#8221;][\/et_pb_contact_field][et_pb_contact_field field_id=&#8221;Email&#8221; field_title=&#8221;E-mail&#8221; field_type=&#8221;email&#8221; _builder_version=&#8221;3.16&#8243; button_text_size__hover_enabled=&#8221;off&#8221; button_one_text_size__hover_enabled=&#8221;off&#8221; button_two_text_size__hover_enabled=&#8221;off&#8221; button_text_color__hover_enabled=&#8221;off&#8221; button_one_text_color__hover_enabled=&#8221;off&#8221; button_two_text_color__hover_enabled=&#8221;off&#8221; button_border_width__hover_enabled=&#8221;off&#8221; button_one_border_width__hover_enabled=&#8221;off&#8221; button_two_border_width__hover_enabled=&#8221;off&#8221; button_border_color__hover_enabled=&#8221;off&#8221; button_one_border_color__hover_enabled=&#8221;off&#8221; button_two_border_color__hover_enabled=&#8221;off&#8221; button_border_radius__hover_enabled=&#8221;off&#8221; button_one_border_radius__hover_enabled=&#8221;off&#8221; button_two_border_radius__hover_enabled=&#8221;off&#8221; button_letter_spacing__hover_enabled=&#8221;off&#8221; button_one_letter_spacing__hover_enabled=&#8221;off&#8221; button_two_letter_spacing__hover_enabled=&#8221;off&#8221; button_bg_color__hover_enabled=&#8221;off&#8221; button_one_bg_color__hover_enabled=&#8221;off&#8221; button_two_bg_color__hover_enabled=&#8221;off&#8221;][\/et_pb_contact_field][et_pb_contact_field field_id=&#8221;Tipo&#8221; field_title=&#8221;Tipo de doa\u00e7\u00e3o&#8221; field_type=&#8221;select&#8221; select_options=&#8221;%91{%22value%22:%22M\u00f3veis%22,%22checked%22:0,%22dragID%22:-1},{%22value%22:%22Alimentos%22,%22checked%22:0,%22dragID%22:0}%93&#8243; fullwidth_field=&#8221;on&#8221; _builder_version=&#8221;4.9.3&#8243; _module_preset=&#8221;default&#8221;][\/et_pb_contact_field][et_pb_contact_field field_id=&#8221;Mensagem&#8221; field_title=&#8221;Mensagem&#8221; field_type=&#8221;text&#8221; fullwidth_field=&#8221;on&#8221; _builder_version=&#8221;4.9.3&#8243; button_text_size__hover_enabled=&#8221;off&#8221; button_one_text_size__hover_enabled=&#8221;off&#8221; button_two_text_size__hover_enabled=&#8221;off&#8221; button_text_color__hover_enabled=&#8221;off&#8221; button_one_text_color__hover_enabled=&#8221;off&#8221; button_two_text_color__hover_enabled=&#8221;off&#8221; button_border_width__hover_enabled=&#8221;off&#8221; button_one_border_width__hover_enabled=&#8221;off&#8221; button_two_border_width__hover_enabled=&#8221;off&#8221; button_border_color__hover_enabled=&#8221;off&#8221; button_one_border_color__hover_enabled=&#8221;off&#8221; button_two_border_color__hover_enabled=&#8221;off&#8221; button_border_radius__hover_enabled=&#8221;off&#8221; button_one_border_radius__hover_enabled=&#8221;off&#8221; button_two_border_radius__hover_enabled=&#8221;off&#8221; button_letter_spacing__hover_enabled=&#8221;off&#8221; button_one_letter_spacing__hover_enabled=&#8221;off&#8221; button_two_letter_spacing__hover_enabled=&#8221;off&#8221; button_bg_color__hover_enabled=&#8221;off&#8221; button_one_bg_color__hover_enabled=&#8221;off&#8221; button_two_bg_color__hover_enabled=&#8221;off&#8221;][\/et_pb_contact_field][\/et_pb_contact_form][\/et_pb_column][\/et_pb_row][\/et_pb_section]<\/p>\n","protected":false},"excerpt":{"rendered":"<p>[et_pb_section fb_built=&#8221;1&#8243; disabled_on=&#8221;off|off|off&#8221; admin_label=&#8221;section&#8221; _builder_version=&#8221;3.22&#8243;][et_pb_row column_structure=&#8221;3_5,2_5&#8243; _builder_version=&#8221;4.9.3&#8243; _module_preset=&#8221;default&#8221;][et_pb_column type=&#8221;3_5&#8243; _builder_version=&#8221;4.9.3&#8243; _module_preset=&#8221;default&#8221;][et_pb_text _builder_version=&#8221;4.9.3&#8243; _module_preset=&#8221;default&#8221; text_font=&#8221;|700|||||||&#8221; text_font_size=&#8221;18px&#8221;] Voc\u00ea pode ajudar algu\u00e9m! As doa\u00e7\u00f5es que recebemos t\u00eam apoiado muitas pessoas. Voc\u00ea faz parte disso! [\/et_pb_text][et_pb_toggle title=&#8221;Doa\u00e7\u00f5es de m\u00f3veis, roupas e utens\u00edlios&#8221; open_toggle_text_color=&#8221;#d59239&#8243; open_toggle_background_color=&#8221;#ffffff&#8221; closed_toggle_background_color=&#8221;#ffffff&#8221; icon_color=&#8221;#d59239&#8243; use_icon_font_size=&#8221;on&#8221; icon_font_size=&#8221;24px&#8221; _builder_version=&#8221;4.9.3&#8243; _module_preset=&#8221;default&#8221; title_text_color=&#8221;#d59239&#8243; title_level=&#8221;h2&#8243; title_font=&#8221;|600|||||||&#8221; title_font_size=&#8221;21px&#8221; body_line_height=&#8221;1.8em&#8221; border_radii=&#8221;on|5px|5px|5px|5px&#8221; border_color_all=&#8221;#e8e8e8&#8243;] Voc\u00ea pode [&hellip;]<\/p>\n","protected":false},"author":7,"featured_media":0,"parent":0,"menu_order":0,"comment_status":"closed","ping_status":"closed","template":"","meta":{"_et_pb_use_builder":"on","_et_pb_old_content":"<!-- wp:columns {\"className\":\"has-4-columns\"} -->\r\n<div class=\"wp-block-columns has-4-columns\"><!-- wp:column -->\r\n<div class=\"wp-block-column\"><!-- wp:image {\"id\":665,\"width\":294,\"height\":294,\"sizeSlug\":\"large\"} -->\r\n<figure class=\"wp-block-image size-large is-resized\"><img src=\"http:\/\/projetos.wlocus.com.br\/abasc\/wp-content\/uploads\/2020\/01\/photo.jpg\" alt=\"\" class=\"wp-image-665\" width=\"294\" height=\"294\"\/><\/figure>\r\n<!-- \/wp:image -->\r\n\r\n<!-- wp:heading -->\r\n<h2><a rel=\"noreferrer noopener\" aria-label=\"CEI-Pedacinho de gente (abre numa nova aba)\" href=\"http:\/\/abasc.org.br\/?page_id=35\" target=\"_blank\">AGIR <\/a><\/h2>\r\n<!-- \/wp:heading --><\/div>\r\n<!-- \/wp:column -->\r\n\r\n<!-- wp:column -->\r\n<div class=\"wp-block-column\"><!-- wp:image {\"id\":63} -->\r\n<figure class=\"wp-block-image\"><img src=\"http:\/\/abasc.org.br\/wp-content\/uploads\/2019\/03\/sopa-solidaria-1024x1024.jpeg\" alt=\"\" class=\"wp-image-63\"\/><\/figure>\r\n<!-- \/wp:image -->\r\n\r\n<!-- wp:heading -->\r\n<h2><a href=\"http:\/\/abasc.org.br\/?page_id=94\" target=\"_blank\" rel=\"noreferrer noopener\" aria-label=\"Sopa Solid\u00e1ria (abre numa nova aba)\">Sopa Solid\u00e1ria<\/a><\/h2>\r\n<!-- \/wp:heading --><\/div>\r\n<!-- \/wp:column -->\r\n\r\n<!-- wp:column -->\r\n<div class=\"wp-block-column\"><!-- wp:image -->\r\n<figure class=\"wp-block-image\"><img src=\"http:\/\/abasc.org.br\/wp-content\/uploads\/2019\/03\/gap.jpg\" alt=\"O atributo alt desta imagem est\u00c3\u00a1 vazio. O nome do arquivo \u00c3\u00a9 gap.jpg\"\/><\/figure>\r\n<!-- \/wp:image -->\r\n\r\n<!-- wp:heading -->\r\n<h2><a rel=\"noreferrer noopener\" href=\"http:\/\/abasc.org.br\/?page_id=98\" target=\"_blank\">GAP<\/a><\/h2>\r\n<!-- \/wp:heading --><\/div>\r\n<!-- \/wp:column -->\r\n\r\n<!-- wp:column -->\r\n<div class=\"wp-block-column\"><!-- wp:image -->\r\n<figure class=\"wp-block-image\"><img src=\"http:\/\/projetos.wlocus.com.br\/abasc\/wp-content\/uploads\/2019\/06\/Design-sem-nome-1.png\" alt=\"O atributo alt desta imagem est\u00c3\u00a1 vazio. O nome do arquivo \u00c3\u00a9 Design-sem-nome-1.png\"\/><\/figure>\r\n<!-- \/wp:image -->\r\n\r\n<!-- wp:heading -->\r\n<h2><a href=\"http:\/\/projetos.wlocus.com.br\/abasc\/?page_id=311\">Mais que Energia <\/a><\/h2>\r\n<!-- \/wp:heading --><\/div>\r\n<!-- \/wp:column --><\/div>\r\n<!-- \/wp:columns -->\r\n\r\n<!-- wp:columns {\"className\":\"has-4-columns\"} -->\r\n<div class=\"wp-block-columns has-4-columns\"><!-- wp:column -->\r\n<div class=\"wp-block-column\"><!-- wp:image {\"id\":67} -->\r\n<figure class=\"wp-block-image\"><img src=\"http:\/\/abasc.org.br\/wp-content\/uploads\/2019\/03\/gerandovalores.png\" alt=\"\" class=\"wp-image-67\"\/><\/figure>\r\n<!-- \/wp:image -->\r\n\r\n<!-- wp:heading -->\r\n<h2><a href=\"http:\/\/abasc.org.br\/?page_id=104\">Videira<\/a> <\/h2>\r\n<!-- \/wp:heading --><\/div>\r\n<!-- \/wp:column -->\r\n\r\n<!-- wp:column -->\r\n<div class=\"wp-block-column\"><!-- wp:gallery {\"ids\":[368]} -->\r\n<figure class=\"wp-block-gallery columns-1 is-cropped\"><ul class=\"blocks-gallery-grid\"><li class=\"blocks-gallery-item\"><figure><img src=\"http:\/\/projetos.wlocus.com.br\/abasc\/wp-content\/uploads\/2019\/05\/romanos-1.png\" alt=\"\" data-id=\"368\" data-link=\"http:\/\/projetos.wlocus.com.br\/abasc\/?attachment_id=368\" class=\"wp-image-368\"\/><\/figure><\/li><\/ul><\/figure>\r\n<!-- \/wp:gallery -->\r\n\r\n<!-- wp:heading -->\r\n<h2><a href=\"http:\/\/abasc.org.br\/?page_id=106\" target=\"_blank\" rel=\"noreferrer noopener\" aria-label=\"Romanos (abre numa nova aba)\">Romanos<\/a><\/h2>\r\n<!-- \/wp:heading --><\/div>\r\n<!-- \/wp:column -->\r\n\r\n<!-- wp:column -->\r\n<div class=\"wp-block-column\"><!-- wp:image {\"id\":69} -->\r\n<figure class=\"wp-block-image\"><img src=\"http:\/\/abasc.org.br\/wp-content\/uploads\/2019\/03\/gerando.jpg\" alt=\"\" class=\"wp-image-69\"\/><\/figure>\r\n<!-- \/wp:image -->\r\n\r\n<!-- wp:heading -->\r\n<h2><a href=\"http:\/\/abasc.org.br\/?page_id=108\" target=\"_blank\" rel=\"noreferrer noopener\" aria-label=\"Gerando Valores (abre numa nova aba)\">Gerando Valores<\/a><\/h2>\r\n<!-- \/wp:heading --><\/div>\r\n<!-- \/wp:column -->\r\n\r\n<!-- wp:column -->\r\n<div class=\"wp-block-column\"><!-- wp:image {\"id\":70} -->\r\n<figure class=\"wp-block-image\"><img src=\"http:\/\/abasc.org.br\/wp-content\/uploads\/2019\/03\/sosabasc.jpg\" alt=\"\" class=\"wp-image-70\"\/><\/figure>\r\n<!-- \/wp:image -->\r\n\r\n<!-- wp:heading -->\r\n<h2><a href=\"http:\/\/abasc.org.br\/?page_id=90\" target=\"_blank\" rel=\"noreferrer noopener\" aria-label=\"SOS - Suporte e Orienta\u00e7\u00e3o Social (abre numa nova aba)\">SOS - Suporte e Orienta\u00e7\u00e3o Social<\/a><\/h2>\r\n<!-- \/wp:heading --><\/div>\r\n<!-- \/wp:column --><\/div>\r\n<!-- \/wp:columns -->\r\n\r\n<!-- wp:columns {\"className\":\"has-4-columns\"} -->\r\n<div class=\"wp-block-columns has-4-columns\"><!-- wp:column -->\r\n<div class=\"wp-block-column\"><!-- wp:image {\"id\":111} -->\r\n<figure class=\"wp-block-image\"><img src=\"http:\/\/abasc.org.br\/wp-content\/uploads\/2019\/03\/assessoriajuridica.jpg\" alt=\"\" class=\"wp-image-111\"\/><\/figure>\r\n<!-- \/wp:image -->\r\n\r\n<!-- wp:heading -->\r\n<h2><a rel=\"noreferrer noopener\" aria-label=\"Assessoria Jur\u00eddica (abre numa nova aba)\" href=\"http:\/\/abasc.org.br\/?page_id=114\" target=\"_blank\">Orienta\u00e7\u00e3o Jur\u00eddica<\/a><\/h2>\r\n<!-- \/wp:heading -->\r\n\r\n<!-- wp:gallery {\"ids\":[369]} -->\r\n<figure class=\"wp-block-gallery columns-1 is-cropped\"><ul class=\"blocks-gallery-grid\"><li class=\"blocks-gallery-item\"><figure><img src=\"http:\/\/projetos.wlocus.com.br\/abasc\/wp-content\/uploads\/2019\/05\/cristolandia-parana-1.png\" alt=\"\" data-id=\"369\" data-link=\"http:\/\/projetos.wlocus.com.br\/abasc\/?attachment_id=369\" class=\"wp-image-369\"\/><\/figure><\/li><\/ul><\/figure>\r\n<!-- \/wp:gallery -->\r\n\r\n<!-- wp:heading -->\r\n<h2><a href=\"http:\/\/projetos.wlocus.com.br\/abasc\/?page_id=328\">Cristol\u00e2ndia Paran\u00e1 <\/a><\/h2>\r\n<!-- \/wp:heading --><\/div>\r\n<!-- \/wp:column -->\r\n\r\n<!-- wp:column -->\r\n<div class=\"wp-block-column\"><!-- wp:image {\"id\":112} -->\r\n<figure class=\"wp-block-image\"><img src=\"http:\/\/abasc.org.br\/wp-content\/uploads\/2019\/03\/projetocomunicar.jpg\" alt=\"\" class=\"wp-image-112\"\/><\/figure>\r\n<!-- \/wp:image -->\r\n\r\n<!-- wp:heading -->\r\n<h2><a href=\"http:\/\/abasc.org.br\/?page_id=116\" target=\"_blank\" rel=\"noreferrer noopener\" aria-label=\"Projeto Comunicar (abre numa nova aba)\">Projeto Comunicar<\/a><\/h2>\r\n<!-- \/wp:heading --><\/div>\r\n<!-- \/wp:column -->\r\n\r\n<!-- wp:column -->\r\n<div class=\"wp-block-column\"><!-- wp:image {\"id\":113} -->\r\n<figure class=\"wp-block-image\"><img src=\"http:\/\/abasc.org.br\/wp-content\/uploads\/2019\/03\/mamaes.jpg\" alt=\"\" class=\"wp-image-113\"\/><\/figure>\r\n<!-- \/wp:image -->\r\n\r\n<!-- wp:heading -->\r\n<h2><a href=\"http:\/\/abasc.org.br\/?page_id=118\" target=\"_blank\" rel=\"noreferrer noopener\" aria-label=\"Projeto M.A.M.A.E.S (abre numa nova aba)\">Projeto M.A.M.A.E.S<\/a><\/h2>\r\n<!-- \/wp:heading --><\/div>\r\n<!-- \/wp:column -->\r\n\r\n<!-- wp:column -->\r\n<div class=\"wp-block-column\"><!-- wp:gallery {\"ids\":[384],\"className\":\"alignleft\"} -->\r\n<figure class=\"wp-block-gallery columns-1 is-cropped alignleft\"><ul class=\"blocks-gallery-grid\"><li class=\"blocks-gallery-item\"><figure><img src=\"http:\/\/projetos.wlocus.com.br\/abasc\/wp-content\/uploads\/2019\/05\/Design-sem-nome-1.png\" alt=\"\" data-id=\"384\" class=\"wp-image-384\"\/><\/figure><\/li><\/ul><\/figure>\r\n<!-- \/wp:gallery -->\r\n\r\n<!-- wp:heading -->\r\n<h2><br><br><br><a href=\"http:\/\/projetos.wlocus.com.br\/abasc\/?page_id=354\">Dan\u00e7a S\u00eanior <\/a><\/h2>\r\n<!-- \/wp:heading --><\/div>\r\n<!-- \/wp:column --><\/div>\r\n<!-- \/wp:columns -->","_et_gb_content_width":"","_monsterinsights_skip_tracking":false,"_monsterinsights_sitenote_active":false,"_monsterinsights_sitenote_note":"","_monsterinsights_sitenote_category":0},"_links":{"self":[{"href":"http:\/\/projetos.wlocus.com.br\/abasc\/wp-json\/wp\/v2\/pages\/2036"}],"collection":[{"href":"http:\/\/projetos.wlocus.com.br\/abasc\/wp-json\/wp\/v2\/pages"}],"about":[{"href":"http:\/\/projetos.wlocus.com.br\/abasc\/wp-json\/wp\/v2\/types\/page"}],"author":[{"embeddable":true,"href":"http:\/\/projetos.wlocus.com.br\/abasc\/wp-json\/wp\/v2\/users\/7"}],"replies":[{"embeddable":true,"href":"http:\/\/projetos.wlocus.com.br\/abasc\/wp-json\/wp\/v2\/comments?post=2036"}],"version-history":[{"count":26,"href":"http:\/\/projetos.wlocus.com.br\/abasc\/wp-json\/wp\/v2\/pages\/2036\/revisions"}],"predecessor-version":[{"id":2296,"href":"http:\/\/projetos.wlocus.com.br\/abasc\/wp-json\/wp\/v2\/pages\/2036\/revisions\/2296"}],"wp:attachment":[{"href":"http:\/\/projetos.wlocus.com.br\/abasc\/wp-json\/wp\/v2\/media?parent=2036"}],"curies":[{"name":"wp","href":"https:\/\/api.w.org\/{rel}","templated":true}]}}