{"id":4052,"date":"2020-03-18T20:18:06","date_gmt":"2020-03-18T23:18:06","guid":{"rendered":"http:\/\/projetos.wlocus.com.br\/fcc\/?page_id=4052"},"modified":"2020-11-04T18:50:24","modified_gmt":"2020-11-04T21:50:24","slug":"inscricao","status":"publish","type":"page","link":"http:\/\/projetos.wlocus.com.br\/fcc\/inscricao\/","title":{"rendered":"Inscri\u00e7\u00e3o"},"content":{"rendered":"<p>[vc_row full_width=&#8221;stretch_row_content&#8221; content_placement=&#8221;middle&#8221; parallax=&#8221;content-moving-fade&#8221; parallax_image=&#8221;1870&#8243; default_id=&#8221;themesflat_1541595892&#8243; css=&#8221;.vc_custom_1584573522449{padding-top: 150px !important;padding-bottom: 100px !important;background-position: center;background-repeat: no-repeat !important;background-size: cover !important;}&#8221; el_id=&#8221;header-personalizada__header&#8221;][vc_column][vc_column_text]<\/p>\n<h1 style=\"text-align: center;\">Inscreva-se<\/h1>\n<p style=\"text-align: center;\">O primeiro passo para voc\u00ea realizar seu sonho<\/p>\n<p>[\/vc_column_text][\/vc_column][\/vc_row][vc_row css=&#8221;.vc_custom_1584573570024{padding-top: 100px !important;padding-bottom: 100px !important;}&#8221;][vc_column width=&#8221;3\/12&#8243;][vc_widget_sidebar sidebar_id=&#8221;services&#8221;][\/vc_column][vc_column width=&#8221;9\/12&#8243;][vc_column_text css=&#8221;.vc_custom_1584574343418{padding-bottom: 50px !important;}&#8221;]O vestibular \u00e9 gratuito, constitui-se em uma reda\u00e7\u00e3o, e poder\u00e1 ser realizado de segunda-feira a sexta-feira das 15:30h \u00e0s 19h45.<\/p>\n<p>Preencha o formul\u00e1rio abaixo a agende seu vestibular:[\/vc_column_text]<style type=\"text\/css\">.super-form-3137 > * {visibility:hidden;}<\/style><div id=\"super-form-3137\" style=\"margin:0px 0px 0px 0px;\" class=\"super-form super-form-3137 style-default super-default-rounded super-field-size-large\" data-hide=\"true\" data-overlay=\"true\" data-field-size=\"large\"><form autocomplete=\"on\" enctype=\"multipart\/form-data\"><input type=\"hidden\" name=\"super_ajax_nonce\" value=\"c4ad8c7f7c\" \/><input type=\"text\" name=\"super_hp\" size=\"25\" value=\"\" \/><div class=\"super-shortcode super-field super-hidden\"><input class=\"super-shortcode-field\" type=\"hidden\" value=\"3137\" name=\"hidden_form_id\" \/><\/div><div class=\"super-grid super-shortcode\"><div class=\"super-shortcode super_one_half super-column column-number-1 grid-level-0 first-column \"><div class=\"super-shortcode super-field super-text  super-ungrouped  \"><div class=\"super-label super-bottom-margin\">Nome Completo*<\/div><div class=\"super-field-wrapper \"><input class=\"super-shortcode-field\" type=\"text\" name=\"first_name\" data-validation=\"empty\" data-email=\"Nome Completo\" data-absolute-default=\"\" data-default-value=\"\" \/><\/div><div class=\"super-error-msg\">Field is required!<\/div><\/div><\/div><div class=\"super-shortcode super_one_half super-column column-number-2 grid-level-0  \"><div class=\"super-shortcode super-field super-text  super-ungrouped  \"><div class=\"super-label super-bottom-margin\">RG*<\/div><div class=\"super-field-wrapper \"><input class=\"super-shortcode-field\" type=\"text\" name=\"number_rg\" data-validation=\"empty\" data-email=\"RG:\" data-absolute-default=\"\" data-default-value=\"\" \/><\/div><div class=\"super-error-msg\">Field is required!<\/div><\/div><\/div><\/div><div class=\"super-grid super-shortcode\"><div class=\"super-shortcode super_one_half super-column column-number-1 grid-level-0 first-column \"><div class=\"super-shortcode super-field super-text  super-ungrouped  \"><div class=\"super-label super-bottom-margin\">E-mail*<\/div><div class=\"super-field-wrapper \"><input class=\"super-shortcode-field\" type=\"text\" name=\"email\" data-validation=\"email\" data-email=\"E-mail\" data-absolute-default=\"\" data-default-value=\"\" \/><\/div><div class=\"super-error-msg\">Field is required!<\/div><\/div><div class=\"super-shortcode super-field super-date  super-ungrouped  \"><div class=\"super-label super-bottom-margin\">Data da prova*<\/div><div class=\"super-field-wrapper \"><input class=\"super-shortcode-field super-datepicker\" type=\"text\" autocomplete=\"false\"  value=\"\" \r\n        name=\"date\" \r\n        data-format=\"dd-mm-yy\" \r\n        data-jsformat=\"dd-MM-yyyy\" \r\n        data-connected-min=\"\" \r\n        data-connected-min-days=\"1\" \r\n        data-connected-max=\"\" \r\n        data-connected-max-days=\"1\" \r\n        data-range=\":+1\" \r\n        data-first-day=\"1\"\r\n        data-localization=\"\"\r\n        data-change-month=\"true\"\r\n        data-change-year=\"true\"\r\n        data-show-month-after-year=\"\"\r\n        data-show-week=\"\"\r\n        data-number-of-months=\"1\"\r\n        data-show-other-months=\"\"\r\n        data-select-other-months=\"false\" data-work-days=\"true\"data-maxPicks=\"1\"data-excl-days=\"0,6\" data-validation=\"empty\" data-email=\"Data da prova\" data-absolute-default=\"\" data-default-value=\"\" placeholder=\"Selecione a data\" readonly=\"true\" \/><\/div><div class=\"super-error-msg\">Field is required!<\/div><\/div><\/div><div class=\"super-shortcode super_one_half super-column column-number-2 grid-level-0  \"><div class=\"super-shortcode super-field super-text  super-ungrouped  \"><div class=\"super-label super-bottom-margin\">Telefone*<\/div><div class=\"super-field-wrapper \"><input class=\"super-shortcode-field\" type=\"text\" name=\"phonenumber\" data-email=\"Telefone\" data-absolute-default=\"\" data-default-value=\"\" \/><\/div><div class=\"super-error-msg\">Field is required!<\/div><\/div><div class=\"super-shortcode super-field super-time  super-ungrouped  \"><div class=\"super-label super-bottom-margin\">Hor\u00e1rio da prova*<\/div><div class=\"super-field-wrapper \"><input class=\"super-shortcode-field super-timepicker\" type=\"text\" autocomplete=\"false\"  value=\"\" name=\"time\" data-format=\"H:i\" data-step=\"15\" data-range=\"\" data-duration=\"false\" data-validation=\"empty\" data-email=\"Hor\u00e1rio da prova\" data-absolute-default=\"\" data-default-value=\"\" placeholder=\"Selecione o hor\u00e1rio\" data-maxlength=\"19:45\" data-minlength=\"15:30\" \/><\/div><div class=\"super-error-msg\">Field is required!<\/div><\/div><\/div><\/div><div class=\"super-shortcode super-field super-radio  super-ungrouped   display-vertical\"><div class=\"super-label super-bottom-margin\">Modalidade*<\/div><div class=\"super-field-wrapper \"><label class=\"super-item\" ><input type=\"radio\" value=\"presencial\" \/><div>Presencial<\/div><\/label><label class=\"super-item\" ><input type=\"radio\" value=\"ead\" \/><div>\u00c0 dist\u00e2ncia<\/div><\/label><input class=\"super-shortcode-field\" type=\"hidden\" name=\"option\" value=\"\" data-validation=\"empty\" data-email=\"Modalidade\" data-absolute-default=\"\" data-default-value=\"\" \/><\/div><div class=\"super-error-msg\">Field is required!<\/div><\/div><div class=\"super-shortcode super-field super-textarea  super-ungrouped  \"><div class=\"super-label super-bottom-margin\">Como soube da faculdade?<\/div><div class=\"super-field-wrapper \"><textarea class=\"super-shortcode-field\" name=\"question\" data-email=\"Como soube da faculdade?\" data-absolute-default=\"\" data-default-value=\"\" placeholder=\"Ex.: Google, Redes Sociais, Colegas, Familiares, etc\" ><\/textarea><\/div><div class=\"super-error-msg\">Field is required!<\/div><\/div><div class=\"super-shortcode super-field super-recaptcha super-align-right  super-ungrouped  \"><div class=\"super-recaptcha align-right\" data-sitekey=\"\"><\/div><strong style=\"color:red;\">Please enter your reCAPTCHA API keys in <a target=\"_blank\" href=\"http:\/\/projetos.wlocus.com.br\/fcc\/wp-admin\/admin.php?page=super_settings#form-settings\">Super Forms &gt; Settings &gt; Form Settings<\/a><\/strong><\/div><div data-color=\"#3e64a0\" data-light=\"#5278b4\" data-dark=\"#204682\" data-hover-color=\"#003da0\" data-hover-light=\"#1451b4\" data-hover-dark=\"#001f82\" data-font=\"#ffffff\" data-font-hover=\"#ffffff\" data-radius=\"square\" data-type=\"flat\" class=\"super-extra-shortcode super-shortcode super-field super-form-button super-clear-none super-button super-radius-square super-type-flat super-button-medium super-button-align-left super-button-width-auto\"><div data-href=\"\" class=\"super-button-wrap no_link\"><div class=\"super-button-name\" data-action=\"submit\" data-normal=\"Enviar\" data-loading=\"Enviando...\">Enviar<\/div><span class=\"super-after\"><\/span><\/div><\/div><\/form><span class=\"super-load-icon\"><\/span><\/div><style type=\"text\/css\">.super-form-4198 > * {visibility:hidden;}<\/style><div id=\"super-form-4198\" style=\"margin:0px 0px 0px 0px;\" class=\"super-form super-form-4198 style-default super-default-rounded super-field-size-huge super-adaptive\" data-hide=\"true\" data-overlay=\"true\" data-field-size=\"huge\"><form autocomplete=\"on\" enctype=\"multipart\/form-data\"><input type=\"hidden\" name=\"super_ajax_nonce\" value=\"253868277c\" \/><input type=\"text\" name=\"super_hp\" size=\"25\" value=\"\" \/><div class=\"super-shortcode super-field super-hidden\"><input class=\"super-shortcode-field\" type=\"hidden\" value=\"4198\" name=\"hidden_form_id\" \/><\/div><div class=\"super-grid super-shortcode\"><div class=\"super-shortcode super_one_half super-column column-number-1 grid-level-0 first-column \"><div class=\"super-shortcode super-field super-text  super-ungrouped  \"><div class=\"super-field-wrapper \"><input class=\"super-shortcode-field\" type=\"email\" name=\"email\" data-validation=\"email\" data-email=\"Email address:\" data-absolute-default=\"\" data-default-value=\"\" \/><span class=\"super-adaptive-placeholder\" data-placeholder=\"Your E-mail Address\" data-placeholderFilled=\"E-mail Address\"><span>Your E-mail Address<\/span><\/span><\/div><div class=\"super-error-msg\">Field is required!<\/div><\/div><\/div><div class=\"super-shortcode super_one_half super-column column-number-2 grid-level-0  \"><\/div><\/div><div class=\"super-grid super-shortcode\"><div class=\"super-shortcode super_one_half super-column column-number-1 grid-level-0 first-column \"><\/div><div class=\"super-shortcode super_one_half super-column column-number-2 grid-level-0  \"><\/div><\/div><div class=\"super-grid super-shortcode\"><div class=\"super-shortcode super_one_half super-column column-number-1 grid-level-0 first-column \"><\/div><div class=\"super-shortcode super_one_half super-column column-number-2 grid-level-0  \"><\/div><\/div><div data-color=\"#f26c68\" data-light=\"#ff807c\" data-dark=\"#d44e4a\" data-hover-color=\"#444444\" data-hover-light=\"#585858\" data-hover-dark=\"#262626\" data-font=\"#ffffff\" data-font-hover=\"#ffffff\" data-radius=\"square\" data-type=\"flat\" class=\"super-extra-shortcode super-shortcode super-field super-form-button super-clear-none super-button super-radius-square super-type-flat super-button-medium super-button-align-left super-button-width-auto\"><div data-href=\"\" class=\"super-button-wrap no_link\"><div class=\"super-button-name\" data-action=\"submit\" data-normal=\"Submit\" data-loading=\"Loading...\">Submit<\/div><span class=\"super-after\"><\/span><\/div><\/div><\/form><span class=\"super-load-icon\"><\/span><\/div>[\/vc_column][\/vc_row]<\/p>\n","protected":false},"excerpt":{"rendered":"<p>[vc_row full_width=&#8221;stretch_row_content&#8221; content_placement=&#8221;middle&#8221; parallax=&#8221;content-moving-fade&#8221; parallax_image=&#8221;1870&#8243; default_id=&#8221;themesflat_1541595892&#8243; css=&#8221;.vc_custom_1584573522449{padding-top: 150px !important;padding-bottom: 100px !important;background-position: center;background-repeat: no-repeat !important;background-size: cover !important;}&#8221; el_id=&#8221;header-personalizada__header&#8221;][vc_column][vc_column_text] Inscreva-se O primeiro passo para voc\u00ea realizar seu sonho [\/vc_column_text][\/vc_column][\/vc_row][vc_row css=&#8221;.vc_custom_1584573570024{padding-top: 100px !important;padding-bottom: 100px !important;}&#8221;][vc_column width=&#8221;3\/12&#8243;][vc_widget_sidebar sidebar_id=&#8221;services&#8221;][\/vc_column][vc_column width=&#8221;9\/12&#8243;][vc_column_text css=&#8221;.vc_custom_1584574343418{padding-bottom: 50px !important;}&#8221;]O vestibular \u00e9 gratuito, constitui-se em uma reda\u00e7\u00e3o, e poder\u00e1 ser realizado de segunda-feira [&hellip;]<\/p>\n","protected":false},"author":1,"featured_media":0,"parent":0,"menu_order":0,"comment_status":"closed","ping_status":"closed","template":"tpl\/front-page.php","meta":[],"_links":{"self":[{"href":"http:\/\/projetos.wlocus.com.br\/fcc\/wp-json\/wp\/v2\/pages\/4052"}],"collection":[{"href":"http:\/\/projetos.wlocus.com.br\/fcc\/wp-json\/wp\/v2\/pages"}],"about":[{"href":"http:\/\/projetos.wlocus.com.br\/fcc\/wp-json\/wp\/v2\/types\/page"}],"author":[{"embeddable":true,"href":"http:\/\/projetos.wlocus.com.br\/fcc\/wp-json\/wp\/v2\/users\/1"}],"replies":[{"embeddable":true,"href":"http:\/\/projetos.wlocus.com.br\/fcc\/wp-json\/wp\/v2\/comments?post=4052"}],"version-history":[{"count":7,"href":"http:\/\/projetos.wlocus.com.br\/fcc\/wp-json\/wp\/v2\/pages\/4052\/revisions"}],"predecessor-version":[{"id":4200,"href":"http:\/\/projetos.wlocus.com.br\/fcc\/wp-json\/wp\/v2\/pages\/4052\/revisions\/4200"}],"wp:attachment":[{"href":"http:\/\/projetos.wlocus.com.br\/fcc\/wp-json\/wp\/v2\/media?parent=4052"}],"curies":[{"name":"wp","href":"https:\/\/api.w.org\/{rel}","templated":true}]}}