{"id":4059,"date":"2020-03-18T20:45:55","date_gmt":"2020-03-18T23:45:55","guid":{"rendered":"http:\/\/projetos.wlocus.com.br\/fcc\/?page_id=4059"},"modified":"2020-03-18T20:47:52","modified_gmt":"2020-03-18T23:47:52","slug":"ouvidoria","status":"publish","type":"page","link":"http:\/\/projetos.wlocus.com.br\/fcc\/ouvidoria\/","title":{"rendered":"Ouvidoria"},"content":{"rendered":"<p>[vc_row full_width=&#8221;stretch_row_content&#8221; content_placement=&#8221;middle&#8221; parallax=&#8221;content-moving-fade&#8221; parallax_image=&#8221;1870&#8243; default_id=&#8221;themesflat_1541595892&#8243; css=&#8221;.vc_custom_1584574900058{padding-top: 150px !important;padding-bottom: 100px !important;background-position: center;background-repeat: no-repeat !important;background-size: cover !important;}&#8221; el_id=&#8221;header-personalizada__header&#8221;][vc_column][vc_column_text]<\/p>\n<h1 style=\"text-align: center;\">Ouvidoria<\/h1>\n<p style=\"text-align: center;\">Nosso canal para envio de sugest\u00f5es, cr\u00edticas, elogios ou den\u00fancias<\/p>\n<p>[\/vc_column_text][\/vc_column][\/vc_row][vc_row css=&#8221;.vc_custom_1584575152982{padding-top: 100px !important;padding-bottom: 100px !important;}&#8221;][vc_column width=&#8221;1\/6&#8243;][\/vc_column][vc_column width=&#8221;2\/3&#8243;]<style type=\"text\/css\">.super-form-3227 > * {visibility:hidden;}<\/style><div id=\"super-form-3227\" style=\"margin:0px 0px 0px 0px;\" class=\"super-form super-form-3227 style-default super-default-rounded super-field-size-large\" data-hide=\"true\" data-overlay=\"true\" data-field-size=\"large\"><form autocomplete=\"on\" enctype=\"multipart\/form-data\"><input type=\"hidden\" name=\"super_ajax_nonce\" value=\"504a4515be\" \/><input type=\"text\" name=\"super_hp\" size=\"25\" value=\"\" \/><div class=\"super-shortcode super-field super-hidden\"><input class=\"super-shortcode-field\" type=\"hidden\" value=\"3227\" name=\"hidden_form_id\" \/><\/div><div class=\"super-grid super-shortcode\"><div class=\"super-shortcode super_one_third super-column column-number-1 grid-level-0 first-column \"><div class=\"super-shortcode super-field super-text  super-ungrouped  \"><div class=\"super-label super-bottom-margin\">Nome<\/div><div class=\"super-field-wrapper \"><input class=\"super-shortcode-field\" type=\"text\" name=\"first_name\" data-validation=\"empty\" data-email=\"Nome\" data-absolute-default=\"\" data-default-value=\"\" \/><\/div><div class=\"super-error-msg\">Field is required!<\/div><\/div><\/div><div class=\"super-shortcode super_one_third super-column column-number-2 grid-level-0  \"><div class=\"super-shortcode super-field super-text  super-ungrouped  \"><div class=\"super-label super-bottom-margin\">E-mail<\/div><div class=\"super-field-wrapper \"><input class=\"super-shortcode-field\" type=\"text\" name=\"email\" data-validation=\"email\" data-email=\"E-mail\" data-absolute-default=\"\" data-default-value=\"\" \/><\/div><div class=\"super-error-msg\">Field is required!<\/div><\/div><\/div><div class=\"super-shortcode super_one_third super-column column-number-3 grid-level-0  \"><div class=\"super-shortcode super-field super-text  super-ungrouped  \"><div class=\"super-label super-bottom-margin\">Telefone<\/div><div class=\"super-field-wrapper \"><input class=\"super-shortcode-field\" type=\"text\" name=\"phonenumber\" data-validation=\"phone\" data-email=\"Telefone\" data-absolute-default=\"\" data-default-value=\"\" \/><\/div><div class=\"super-error-msg\">Field is required!<\/div><\/div><\/div><\/div><div class=\"super-grid super-shortcode\"><div class=\"super-shortcode super_one_full super-column column-number-1 grid-level-0 first-column \"><div class=\"super-shortcode super-field super-text  super-ungrouped  \"><div class=\"super-label super-bottom-margin\">Assunto<\/div><div class=\"super-field-wrapper \"><input class=\"super-shortcode-field\" type=\"text\" name=\"assunto\" data-validation=\"empty\" data-email=\"Assunto\" data-absolute-default=\"\" data-default-value=\"\" \/><\/div><div class=\"super-error-msg\">Field is required!<\/div><\/div><\/div><\/div><div class=\"super-grid super-shortcode\"><div class=\"super-shortcode super_one_full super-column column-number-1 grid-level-0 first-column \"><div class=\"super-shortcode super-field super-textarea  super-ungrouped  \"><div class=\"super-label super-bottom-margin\">Mensagem<\/div><div class=\"super-field-wrapper \"><textarea class=\"super-shortcode-field\" name=\"mensagem\" data-validation=\"empty\" data-email=\"Mensagem\" data-absolute-default=\"\" data-default-value=\"\" ><\/textarea><\/div><div class=\"super-error-msg\">Field is required!<\/div><\/div><\/div><\/div><div class=\"super-grid super-shortcode\"><div class=\"super-shortcode super_one_full super-column column-number-1 grid-level-0 first-column \"><div class=\"super-shortcode super-field super-recaptcha super-align-right  super-ungrouped  \"><div class=\"super-recaptcha align-right\" data-sitekey=\"\"><\/div><strong style=\"color:red;\">Please enter your reCAPTCHA API keys in <a target=\"_blank\" href=\"http:\/\/projetos.wlocus.com.br\/fcc\/wp-admin\/admin.php?page=super_settings#form-settings\">Super Forms &gt; Settings &gt; Form Settings<\/a><\/strong><\/div><\/div><\/div><div data-color=\"#3e64a0\" data-light=\"#5278b4\" data-dark=\"#204682\" data-hover-color=\"#003da0\" data-hover-light=\"#1451b4\" data-hover-dark=\"#001f82\" data-font=\"#ffffff\" data-font-hover=\"#ffffff\" data-radius=\"square\" data-type=\"flat\" class=\"super-extra-shortcode super-shortcode super-field super-form-button super-clear-none super-button super-radius-square super-type-flat super-button-medium super-button-align-left super-button-width-auto\"><div data-href=\"\" class=\"super-button-wrap no_link\"><div class=\"super-button-name\" data-action=\"submit\" data-normal=\"Enviar\" data-loading=\"Enviando...\">Enviar<\/div><span class=\"super-after\"><\/span><\/div><\/div><\/form><span class=\"super-load-icon\"><\/span><\/div>[\/vc_column][vc_column width=&#8221;1\/6&#8243;][\/vc_column][\/vc_row]<\/p>\n","protected":false},"excerpt":{"rendered":"<p>[vc_row full_width=&#8221;stretch_row_content&#8221; content_placement=&#8221;middle&#8221; parallax=&#8221;content-moving-fade&#8221; parallax_image=&#8221;1870&#8243; default_id=&#8221;themesflat_1541595892&#8243; css=&#8221;.vc_custom_1584574900058{padding-top: 150px !important;padding-bottom: 100px !important;background-position: center;background-repeat: no-repeat !important;background-size: cover !important;}&#8221; el_id=&#8221;header-personalizada__header&#8221;][vc_column][vc_column_text] Ouvidoria Nosso canal para envio de sugest\u00f5es, cr\u00edticas, elogios ou den\u00fancias [\/vc_column_text][\/vc_column][\/vc_row][vc_row css=&#8221;.vc_custom_1584575152982{padding-top: 100px !important;padding-bottom: 100px !important;}&#8221;][vc_column width=&#8221;1\/6&#8243;][\/vc_column][vc_column width=&#8221;2\/3&#8243;][\/vc_column][vc_column width=&#8221;1\/6&#8243;][\/vc_column][\/vc_row]<\/p>\n","protected":false},"author":1,"featured_media":0,"parent":0,"menu_order":0,"comment_status":"closed","ping_status":"closed","template":"tpl\/front-page.php","meta":[],"_links":{"self":[{"href":"http:\/\/projetos.wlocus.com.br\/fcc\/wp-json\/wp\/v2\/pages\/4059"}],"collection":[{"href":"http:\/\/projetos.wlocus.com.br\/fcc\/wp-json\/wp\/v2\/pages"}],"about":[{"href":"http:\/\/projetos.wlocus.com.br\/fcc\/wp-json\/wp\/v2\/types\/page"}],"author":[{"embeddable":true,"href":"http:\/\/projetos.wlocus.com.br\/fcc\/wp-json\/wp\/v2\/users\/1"}],"replies":[{"embeddable":true,"href":"http:\/\/projetos.wlocus.com.br\/fcc\/wp-json\/wp\/v2\/comments?post=4059"}],"version-history":[{"count":2,"href":"http:\/\/projetos.wlocus.com.br\/fcc\/wp-json\/wp\/v2\/pages\/4059\/revisions"}],"predecessor-version":[{"id":4061,"href":"http:\/\/projetos.wlocus.com.br\/fcc\/wp-json\/wp\/v2\/pages\/4059\/revisions\/4061"}],"wp:attachment":[{"href":"http:\/\/projetos.wlocus.com.br\/fcc\/wp-json\/wp\/v2\/media?parent=4059"}],"curies":[{"name":"wp","href":"https:\/\/api.w.org\/{rel}","templated":true}]}}