{"id":4706,"date":"2020-09-03T18:45:43","date_gmt":"2020-09-03T21:45:43","guid":{"rendered":"http:\/\/projetos.wlocus.com.br\/pibpiraquara\/?page_id=4706"},"modified":"2020-09-03T20:09:49","modified_gmt":"2020-09-03T23:09:49","slug":"pgm","status":"publish","type":"page","link":"http:\/\/projetos.wlocus.com.br\/pibpiraquara\/pgm\/","title":{"rendered":"PGM"},"content":{"rendered":"<p>[vc_row full_width=&#8221;stretch_row&#8221; parallax=&#8221;content-moving&#8221; parallax_image=&#8221;4693&#8243; css_animation=&#8221;fadeIn&#8221; css=&#8221;.vc_custom_1599172784503{padding-top: 200px !important;padding-bottom: 50px !important;}&#8221;][vc_column][vc_custom_heading source=&#8221;post_title&#8221; font_container=&#8221;tag:h2|text_align:left|color:%23ffffff&#8221; google_fonts=&#8221;font_family:Archivo%20Black%3Aregular|font_style:400%20regular%3A400%3Anormal&#8221; css_animation=&#8221;fadeIn&#8221;][\/vc_column][\/vc_row][vc_row css_animation=&#8221;fadeIn&#8221; css=&#8221;.vc_custom_1599006589140{padding-top: 80px !important;padding-bottom: 80px !important;}&#8221;][vc_column width=&#8221;1\/2&#8243;][vc_column_text]<\/p>\n<h5 style=\"text-align: left;\"><strong>Quem bom que voc\u00ea est\u00e1 por aqui \ud83d\ude42<\/strong><\/h5>\n<p>[\/vc_column_text][vc_empty_space][vc_column_text]O <strong>Pequeno Grupo Multiplicador<\/strong>, mais conhecido como PGM, \u00e9 um pequeno grupo de disc\u00edpulos que se re\u00fane regularmente para glorificar a Deus e cumprir a miss\u00e3o de fazer disc\u00edpulos. Gra\u00e7as aos relacionamentos saud\u00e1veis proporcionados pelo PGM, disc\u00edpulos s\u00e3o encorajados \u00e0 pr\u00e1tica dos mandamentos de mutualidade, \u201cuns aos outros\u201d e \u00e0 multiplica\u00e7\u00e3o por meio da evangeliza\u00e7\u00e3o discipuladora.<\/p>\n<p>Gostaria de fazer parte de um PGM? \u00c9 s\u00f3 preencher o formul\u00e1rio que est\u00e1 nesta p\u00e1gina e em seguida entraremos em contato voc\u00ea :)[\/vc_column_text][\/vc_column][vc_column width=&#8221;1\/2&#8243;][vc_column_text]<\/p>\n<h5 style=\"text-align: left;\"><strong>Formul\u00e1rio PGM<\/strong><\/h5>\n<p>[\/vc_column_text][vc_empty_space]<div role=\"form\" class=\"wpcf7\" id=\"wpcf7-f4710-o1\" lang=\"en-US\" dir=\"ltr\">\n<div class=\"screen-reader-response\" role=\"alert\" aria-live=\"polite\"><\/div>\n<form action=\"\/pibpiraquara\/wp-json\/wp\/v2\/pages\/4706#wpcf7-f4710-o1\" method=\"post\" class=\"wpcf7-form init\" novalidate=\"novalidate\">\n<div style=\"display: none;\">\n<input type=\"hidden\" name=\"_wpcf7\" value=\"4710\" \/>\n<input type=\"hidden\" name=\"_wpcf7_version\" value=\"5.2.2\" \/>\n<input type=\"hidden\" name=\"_wpcf7_locale\" value=\"en_US\" \/>\n<input type=\"hidden\" name=\"_wpcf7_unit_tag\" value=\"wpcf7-f4710-o1\" \/>\n<input type=\"hidden\" name=\"_wpcf7_container_post\" value=\"0\" \/>\n<input type=\"hidden\" name=\"_wpcf7_posted_data_hash\" value=\"\" \/>\n<\/div>\n<div class=\"flat-wrap-field\">\n<p><span class=\"wpcf7-form-control-wrap your-name\"><input type=\"text\" name=\"your-name\" value=\"\" size=\"40\" class=\"wpcf7-form-control wpcf7-text wpcf7-validates-as-required\" aria-required=\"true\" aria-invalid=\"false\" placeholder=\"Nome\" \/><\/span><br \/>\n<span class=\"wpcf7-form-control-wrap whatsapp-tel-pgm\"><input type=\"tel\" name=\"whatsapp-tel-pgm\" value=\"\" size=\"40\" class=\"wpcf7-form-control wpcf7-text wpcf7-tel wpcf7-validates-as-required wpcf7-validates-as-tel\" aria-required=\"true\" aria-invalid=\"false\" placeholder=\"Whatsapp ou telefone\" \/><\/span><br \/>\n<span class=\"wpcf7-form-control-wrap endereco-pgm\"><input type=\"text\" name=\"endereco-pgm\" value=\"\" size=\"40\" class=\"wpcf7-form-control wpcf7-text wpcf7-validates-as-required\" aria-required=\"true\" aria-invalid=\"false\" placeholder=\"Informe seu endere\u00e7o\" \/><\/span><br \/>\n<span class=\"wpcf7-form-control-wrap your-email\"><input type=\"email\" name=\"your-email\" value=\"\" size=\"40\" class=\"wpcf7-form-control wpcf7-text wpcf7-email wpcf7-validates-as-required wpcf7-validates-as-email\" aria-required=\"true\" aria-invalid=\"false\" placeholder=\"E-mail\" \/><\/span><br \/>\n<input type=\"submit\" value=\"Enviar\" class=\"wpcf7-form-control wpcf7-submit\" \/><\/p>\n<\/div>\n<div class=\"wpcf7-response-output\" role=\"alert\" aria-hidden=\"true\"><\/div><\/form><\/div>[\/vc_column][\/vc_row]<\/p>\n","protected":false},"excerpt":{"rendered":"<p>[vc_row full_width=&#8221;stretch_row&#8221; parallax=&#8221;content-moving&#8221; parallax_image=&#8221;4693&#8243; css_animation=&#8221;fadeIn&#8221; css=&#8221;.vc_custom_1599172784503{padding-top: 200px !important;padding-bottom: 50px !important;}&#8221;][vc_column][vc_custom_heading source=&#8221;post_title&#8221; font_container=&#8221;tag:h2|text_align:left|color:%23ffffff&#8221; google_fonts=&#8221;font_family:Archivo%20Black%3Aregular|font_style:400%20regular%3A400%3Anormal&#8221; css_animation=&#8221;fadeIn&#8221;][\/vc_column][\/vc_row][vc_row css_animation=&#8221;fadeIn&#8221; css=&#8221;.vc_custom_1599006589140{padding-top: 80px !important;padding-bottom: 80px !important;}&#8221;][vc_column width=&#8221;1\/2&#8243;][vc_column_text] Quem bom que voc\u00ea est\u00e1 por aqui \ud83d\ude42 [\/vc_column_text][vc_empty_space][vc_column_text]O Pequeno Grupo Multiplicador, mais conhecido como PGM, \u00e9 um pequeno grupo de disc\u00edpulos que se re\u00fane regularmente para glorificar a Deus [&hellip;]<\/p>\n","protected":false},"author":1,"featured_media":0,"parent":0,"menu_order":0,"comment_status":"closed","ping_status":"closed","template":"tpl\/front-page.php","meta":[],"_links":{"self":[{"href":"http:\/\/projetos.wlocus.com.br\/pibpiraquara\/wp-json\/wp\/v2\/pages\/4706"}],"collection":[{"href":"http:\/\/projetos.wlocus.com.br\/pibpiraquara\/wp-json\/wp\/v2\/pages"}],"about":[{"href":"http:\/\/projetos.wlocus.com.br\/pibpiraquara\/wp-json\/wp\/v2\/types\/page"}],"author":[{"embeddable":true,"href":"http:\/\/projetos.wlocus.com.br\/pibpiraquara\/wp-json\/wp\/v2\/users\/1"}],"replies":[{"embeddable":true,"href":"http:\/\/projetos.wlocus.com.br\/pibpiraquara\/wp-json\/wp\/v2\/comments?post=4706"}],"version-history":[{"count":12,"href":"http:\/\/projetos.wlocus.com.br\/pibpiraquara\/wp-json\/wp\/v2\/pages\/4706\/revisions"}],"predecessor-version":[{"id":4733,"href":"http:\/\/projetos.wlocus.com.br\/pibpiraquara\/wp-json\/wp\/v2\/pages\/4706\/revisions\/4733"}],"wp:attachment":[{"href":"http:\/\/projetos.wlocus.com.br\/pibpiraquara\/wp-json\/wp\/v2\/media?parent=4706"}],"curies":[{"name":"wp","href":"https:\/\/api.w.org\/{rel}","templated":true}]}}