{"id":104,"date":"2019-03-07T16:22:01","date_gmt":"2019-03-07T19:22:01","guid":{"rendered":"http:\/\/abasc.org.br\/?page_id=104"},"modified":"2021-04-29T12:58:50","modified_gmt":"2021-04-29T15:58:50","slug":"videira","status":"publish","type":"page","link":"https:\/\/projetos.wlocus.com.br\/abasc\/videira\/","title":{"rendered":"Projeto Videira"},"content":{"rendered":"<p>[et_pb_section fb_built=&#8221;1&#8243; _builder_version=&#8221;4.9.3&#8243; _module_preset=&#8221;default&#8221;][et_pb_row column_structure=&#8221;2_3,1_3&#8243; _builder_version=&#8221;4.9.3&#8243; _module_preset=&#8221;default&#8221;][et_pb_column type=&#8221;2_3&#8243; _builder_version=&#8221;4.9.3&#8243; _module_preset=&#8221;default&#8221;][et_pb_text admin_label=&#8221;T\u00edtulo&#8221; _builder_version=&#8221;4.9.4&#8243; _module_preset=&#8221;default&#8221;]<\/p>\n<h2><strong>Projeto Videira<\/strong><\/h2>\n<p>Defesa e Garantia de Direitos<\/p>\n<p>[\/et_pb_text][et_pb_text _builder_version=&#8221;4.9.4&#8243; _module_preset=&#8221;default&#8221;]<\/p>\n<p><strong>Endere\u00e7o do servi\u00e7o<\/strong><br \/>Rua Bento Viana, 1.200, Batel \u2013 Curitiba\/Paran\u00e1.<\/p>\n<p><strong>Sobre o servi\u00e7o<br \/><\/strong>Este projeto tem como objetivo promover a integra\u00e7\u00e3o dos usu\u00e1rios do atendimento social ao mundo do trabalho, por meio de divulga\u00e7\u00e3o de vagas de emprego e parcerias com empres\u00e1rios. Al\u00e9m da divulga\u00e7\u00e3o de vagas h\u00e1 tamb\u00e9m a capacita\u00e7\u00e3o para a qualifica\u00e7\u00e3o profissional dos usu\u00e1rios atrav\u00e9s da parceria com o SENAI, por meio de cursos r\u00e1pidos oferecidos pelo Projeto Gerando Valores. Assim, busca-se fortalecer a autonomia e autoestima com a\u00e7\u00f5es para redu\u00e7\u00e3o das desigualdades sociais, como desemprego e exclus\u00e3o socioecon\u00f4mica. A metodologia do projeto \u00e9 baseada na periodicidade de acompanhamento de vagas dispon\u00edveis nas m\u00eddias e por meio de parcerias com empres\u00e1rios que procuram o projeto para ofertar vagas de emprego. A busca pelas vagas e os encaminhamentos das mesmas s\u00e3o feitas uma vez por semana com divulga\u00e7\u00e3o de vagas online por meio das m\u00eddias sociais (WhatsApp e Facebook). Acontece de Segundas-feiras das 8h \u00e0s 11h e quartas-feiras das 14h \u00e0s 15h.<\/p>\n<p>[\/et_pb_text][\/et_pb_column][et_pb_column type=&#8221;1_3&#8243; _builder_version=&#8221;4.9.3&#8243; _module_preset=&#8221;default&#8221;][et_pb_sidebar orientation=&#8221;right&#8221; area=&#8221;et_pb_widget_area_1&#8243; admin_label=&#8221;Projetos&#8221; _builder_version=&#8221;4.9.4&#8243; _module_preset=&#8221;default&#8221;][\/et_pb_sidebar][\/et_pb_column][\/et_pb_row][\/et_pb_section]<\/p>\n","protected":false},"excerpt":{"rendered":"<p>[et_pb_section fb_built=&#8221;1&#8243; _builder_version=&#8221;4.9.3&#8243; _module_preset=&#8221;default&#8221;][et_pb_row column_structure=&#8221;2_3,1_3&#8243; _builder_version=&#8221;4.9.3&#8243; _module_preset=&#8221;default&#8221;][et_pb_column type=&#8221;2_3&#8243; _builder_version=&#8221;4.9.3&#8243; _module_preset=&#8221;default&#8221;][et_pb_text admin_label=&#8221;T\u00edtulo&#8221; _builder_version=&#8221;4.9.4&#8243; _module_preset=&#8221;default&#8221;] Projeto Videira Defesa e Garantia de Direitos [\/et_pb_text][et_pb_text _builder_version=&#8221;4.9.4&#8243; _module_preset=&#8221;default&#8221;] Endere\u00e7o do servi\u00e7oRua Bento Viana, 1.200, Batel \u2013 Curitiba\/Paran\u00e1. Sobre o servi\u00e7oEste projeto tem como objetivo promover a integra\u00e7\u00e3o dos usu\u00e1rios do atendimento social ao mundo do trabalho, por meio de divulga\u00e7\u00e3o [&hellip;]<\/p>\n","protected":false},"author":2,"featured_media":0,"parent":0,"menu_order":0,"comment_status":"closed","ping_status":"closed","template":"","meta":{"_et_pb_use_builder":"on","_et_pb_old_content":"","_et_gb_content_width":"","_monsterinsights_skip_tracking":false,"_monsterinsights_sitenote_active":false,"_monsterinsights_sitenote_note":"","_monsterinsights_sitenote_category":0},"_links":{"self":[{"href":"https:\/\/projetos.wlocus.com.br\/abasc\/wp-json\/wp\/v2\/pages\/104"}],"collection":[{"href":"https:\/\/projetos.wlocus.com.br\/abasc\/wp-json\/wp\/v2\/pages"}],"about":[{"href":"https:\/\/projetos.wlocus.com.br\/abasc\/wp-json\/wp\/v2\/types\/page"}],"author":[{"embeddable":true,"href":"https:\/\/projetos.wlocus.com.br\/abasc\/wp-json\/wp\/v2\/users\/2"}],"replies":[{"embeddable":true,"href":"https:\/\/projetos.wlocus.com.br\/abasc\/wp-json\/wp\/v2\/comments?post=104"}],"version-history":[{"count":10,"href":"https:\/\/projetos.wlocus.com.br\/abasc\/wp-json\/wp\/v2\/pages\/104\/revisions"}],"predecessor-version":[{"id":2183,"href":"https:\/\/projetos.wlocus.com.br\/abasc\/wp-json\/wp\/v2\/pages\/104\/revisions\/2183"}],"wp:attachment":[{"href":"https:\/\/projetos.wlocus.com.br\/abasc\/wp-json\/wp\/v2\/media?parent=104"}],"curies":[{"name":"wp","href":"https:\/\/api.w.org\/{rel}","templated":true}]}}