{"id":114,"date":"2019-03-07T16:30:56","date_gmt":"2019-03-07T19:30:56","guid":{"rendered":"http:\/\/abasc.org.br\/?page_id=114"},"modified":"2021-04-29T13:05:05","modified_gmt":"2021-04-29T16:05:05","slug":"orientacao-juridica","status":"publish","type":"page","link":"https:\/\/projetos.wlocus.com.br\/abasc\/orientacao-juridica\/","title":{"rendered":"Projeto Orienta\u00e7\u00e3o Jur\u00eddica"},"content":{"rendered":"<p>[et_pb_section fb_built=&#8221;1&#8243; _builder_version=&#8221;4.9.3&#8243; _module_preset=&#8221;default&#8221;][et_pb_row column_structure=&#8221;2_3,1_3&#8243; _builder_version=&#8221;4.9.3&#8243; _module_preset=&#8221;default&#8221;][et_pb_column type=&#8221;2_3&#8243; _builder_version=&#8221;4.9.3&#8243; _module_preset=&#8221;default&#8221;][et_pb_text admin_label=&#8221;T\u00edtulo&#8221; _builder_version=&#8221;4.9.4&#8243; _module_preset=&#8221;default&#8221;]<\/p>\n<h2><strong>Projeto Orienta\u00e7\u00e3o Jur\u00eddica<\/strong><\/h2>\n<p>Defesa e Garantia de Direitos<\/p>\n<p>[\/et_pb_text][et_pb_text _builder_version=&#8221;4.9.4&#8243; _module_preset=&#8221;default&#8221;]<\/p>\n<p><strong>Endere\u00e7o do servi\u00e7o<\/strong><br \/>Rua Bento Viana, 1.200, Batel \u2013 Curitiba\/Paran\u00e1.<\/p>\n<p><strong>Sobre o servi\u00e7o<br \/><\/strong>Este projeto, composto por volunt\u00e1rios especialistas na \u00e1rea jur\u00eddica, atende gratuitamente com a oferta de orienta\u00e7\u00e3o jur\u00eddica; seja para processos em andamento ou para fornecer informa\u00e7\u00f5es sobre as diversas d\u00favidas dos usu\u00e1rios na \u00e1rea jur\u00eddica. O projeto ocorre tr\u00eas dias na semana. Os usu\u00e1rios s\u00e3o encaminhados pelo S.O.S-Suporte de Orienta\u00e7\u00e3o Social (Atendimento Social) ou por meio de procura espont\u00e2nea, as segundas das 10h \u00e0s 11h e das 14h \u00e0s 15h, Ter\u00e7as-Feiras das 16h \u00e0s 15h e Sexta-Feira das 19h \u00e0s 20h.<\/p>\n<p>[\/et_pb_text][\/et_pb_column][et_pb_column type=&#8221;1_3&#8243; _builder_version=&#8221;4.9.3&#8243; _module_preset=&#8221;default&#8221;][et_pb_sidebar orientation=&#8221;right&#8221; area=&#8221;et_pb_widget_area_1&#8243; admin_label=&#8221;Projetos&#8221; _builder_version=&#8221;4.9.4&#8243; _module_preset=&#8221;default&#8221;][\/et_pb_sidebar][\/et_pb_column][\/et_pb_row][\/et_pb_section]<\/p>\n","protected":false},"excerpt":{"rendered":"<p>[et_pb_section fb_built=&#8221;1&#8243; _builder_version=&#8221;4.9.3&#8243; _module_preset=&#8221;default&#8221;][et_pb_row column_structure=&#8221;2_3,1_3&#8243; _builder_version=&#8221;4.9.3&#8243; _module_preset=&#8221;default&#8221;][et_pb_column type=&#8221;2_3&#8243; _builder_version=&#8221;4.9.3&#8243; _module_preset=&#8221;default&#8221;][et_pb_text admin_label=&#8221;T\u00edtulo&#8221; _builder_version=&#8221;4.9.4&#8243; _module_preset=&#8221;default&#8221;] Projeto Orienta\u00e7\u00e3o Jur\u00eddica Defesa e Garantia de Direitos [\/et_pb_text][et_pb_text _builder_version=&#8221;4.9.4&#8243; _module_preset=&#8221;default&#8221;] Endere\u00e7o do servi\u00e7oRua Bento Viana, 1.200, Batel \u2013 Curitiba\/Paran\u00e1. Sobre o servi\u00e7oEste projeto, composto por volunt\u00e1rios especialistas na \u00e1rea jur\u00eddica, atende gratuitamente com a oferta de orienta\u00e7\u00e3o jur\u00eddica; seja para processos [&hellip;]<\/p>\n","protected":false},"author":2,"featured_media":0,"parent":0,"menu_order":0,"comment_status":"closed","ping_status":"closed","template":"","meta":{"_et_pb_use_builder":"on","_et_pb_old_content":"","_et_gb_content_width":"","_monsterinsights_skip_tracking":false,"_monsterinsights_sitenote_active":false,"_monsterinsights_sitenote_note":"","_monsterinsights_sitenote_category":0},"_links":{"self":[{"href":"https:\/\/projetos.wlocus.com.br\/abasc\/wp-json\/wp\/v2\/pages\/114"}],"collection":[{"href":"https:\/\/projetos.wlocus.com.br\/abasc\/wp-json\/wp\/v2\/pages"}],"about":[{"href":"https:\/\/projetos.wlocus.com.br\/abasc\/wp-json\/wp\/v2\/types\/page"}],"author":[{"embeddable":true,"href":"https:\/\/projetos.wlocus.com.br\/abasc\/wp-json\/wp\/v2\/users\/2"}],"replies":[{"embeddable":true,"href":"https:\/\/projetos.wlocus.com.br\/abasc\/wp-json\/wp\/v2\/comments?post=114"}],"version-history":[{"count":6,"href":"https:\/\/projetos.wlocus.com.br\/abasc\/wp-json\/wp\/v2\/pages\/114\/revisions"}],"predecessor-version":[{"id":2193,"href":"https:\/\/projetos.wlocus.com.br\/abasc\/wp-json\/wp\/v2\/pages\/114\/revisions\/2193"}],"wp:attachment":[{"href":"https:\/\/projetos.wlocus.com.br\/abasc\/wp-json\/wp\/v2\/media?parent=114"}],"curies":[{"name":"wp","href":"https:\/\/api.w.org\/{rel}","templated":true}]}}