{"id":118,"date":"2019-03-07T16:36:20","date_gmt":"2019-03-07T19:36:20","guid":{"rendered":"http:\/\/abasc.org.br\/?page_id=118"},"modified":"2021-04-24T18:03:24","modified_gmt":"2021-04-24T21:03:24","slug":"mamaes","status":"publish","type":"page","link":"https:\/\/projetos.wlocus.com.br\/abasc\/mamaes\/","title":{"rendered":"Projeto M.A.M.\u00c3.E.S"},"content":{"rendered":"<p>[et_pb_section fb_built=&#8221;1&#8243; _builder_version=&#8221;4.9.3&#8243; _module_preset=&#8221;default&#8221;][et_pb_row column_structure=&#8221;2_3,1_3&#8243; _builder_version=&#8221;4.9.3&#8243; _module_preset=&#8221;default&#8221;][et_pb_column type=&#8221;2_3&#8243; _builder_version=&#8221;4.9.3&#8243; _module_preset=&#8221;default&#8221;][et_pb_text admin_label=&#8221;T\u00edtulo&#8221; _builder_version=&#8221;4.9.4&#8243; _module_preset=&#8221;default&#8221;]<\/p>\n<h2><strong>Projeto M.A.M.\u00c3.E.S &#8211; Miss\u00e3o de Apoio a M\u00e3es Adolescentes e Solteiras<\/strong><\/h2>\n<p>Defesa e Garantia de Direitos<\/p>\n<p>[\/et_pb_text][et_pb_text _builder_version=&#8221;4.9.4&#8243; _module_preset=&#8221;default&#8221;]<\/p>\n<p><strong>Endere\u00e7o do servi\u00e7o<\/strong><br \/>Rua Bento Viana, 1.200, Batel \u2013 Curitiba\/Paran\u00e1.<\/p>\n<p><strong>Sobre o servi\u00e7o<br \/><\/strong>O projeto se prop\u00f5e a atender de forma acolhedora m\u00e3es de fam\u00edlias monoparentais e mulheres com gravidez n\u00e3o planejada\/indesejada, fortalecendo a aceita\u00e7\u00e3o e pr\u00e1tica da maternidade, auxiliando na qualidade do v\u00ednculo m\u00e3e-filho viabilizando, com isso, um melhor desenvolvimento emocional e f\u00edsico da crian\u00e7a. Pretende oferecer apoio para que a gestante fortale\u00e7a o contato afetivo com seu beb\u00ea desde o ventre, possibilitando que as m\u00e3es e gestantes identifiquem suas qualidades e seu potencial para exercer a maternidade.<\/p>\n<p>Visa, ainda, apoiar fam\u00edlias que possuam situa\u00e7\u00f5es de fragilidade em seu v\u00ednculo familiar, fornecendo um espa\u00e7o coletivo de escuta e troca de viv\u00eancias familiares, promovendo \u201c(&#8230;) a prote\u00e7\u00e3o social, que visa \u00e0 garantia da vida, \u00e0 redu\u00e7\u00e3o de danos e \u00e0 preven\u00e7\u00e3o da incid\u00eancia de riscos, especialmente: a) a prote\u00e7\u00e3o \u00e0 fam\u00edlia, \u00e0 maternidade, \u00e0 inf\u00e2ncia, \u00e0 adolesc\u00eancia e \u00e0 velhice(&#8230;)\u201d, conforme a Lei Org\u00e2nica da Assist\u00eancia Social.<\/p>\n<p>Este projeto conta, tamb\u00e9m, com o apoio de um grupo composto por idosas que se re\u00fanem uma vez na semana para preparar enxovais para beb\u00eas, denominado M\u00e3os que<\/p>\n<p>aben\u00e7oam. Nesse encontro, as participantes s\u00e3o fortalecidas na conviv\u00eancia social e comunit\u00e1ria. Acontece uma vez no m\u00eas com carga hor\u00e1ria de 2h.<\/p>\n<p>[\/et_pb_text][\/et_pb_column][et_pb_column type=&#8221;1_3&#8243; _builder_version=&#8221;4.9.3&#8243; _module_preset=&#8221;default&#8221;][et_pb_sidebar orientation=&#8221;right&#8221; area=&#8221;et_pb_widget_area_1&#8243; admin_label=&#8221;Projetos&#8221; _builder_version=&#8221;4.9.4&#8243; _module_preset=&#8221;default&#8221;][\/et_pb_sidebar][\/et_pb_column][\/et_pb_row][\/et_pb_section]<\/p>\n","protected":false},"excerpt":{"rendered":"<p>[et_pb_section fb_built=&#8221;1&#8243; _builder_version=&#8221;4.9.3&#8243; _module_preset=&#8221;default&#8221;][et_pb_row column_structure=&#8221;2_3,1_3&#8243; _builder_version=&#8221;4.9.3&#8243; _module_preset=&#8221;default&#8221;][et_pb_column type=&#8221;2_3&#8243; _builder_version=&#8221;4.9.3&#8243; _module_preset=&#8221;default&#8221;][et_pb_text admin_label=&#8221;T\u00edtulo&#8221; _builder_version=&#8221;4.9.4&#8243; _module_preset=&#8221;default&#8221;] Projeto M.A.M.\u00c3.E.S &#8211; Miss\u00e3o de Apoio a M\u00e3es Adolescentes e Solteiras Defesa e Garantia de Direitos [\/et_pb_text][et_pb_text _builder_version=&#8221;4.9.4&#8243; _module_preset=&#8221;default&#8221;] Endere\u00e7o do servi\u00e7oRua Bento Viana, 1.200, Batel \u2013 Curitiba\/Paran\u00e1. Sobre o servi\u00e7oO projeto se prop\u00f5e a atender de forma acolhedora m\u00e3es de fam\u00edlias [&hellip;]<\/p>\n","protected":false},"author":2,"featured_media":0,"parent":0,"menu_order":0,"comment_status":"closed","ping_status":"closed","template":"","meta":{"_et_pb_use_builder":"on","_et_pb_old_content":"","_et_gb_content_width":"","_monsterinsights_skip_tracking":false,"_monsterinsights_sitenote_active":false,"_monsterinsights_sitenote_note":"","_monsterinsights_sitenote_category":0},"_links":{"self":[{"href":"https:\/\/projetos.wlocus.com.br\/abasc\/wp-json\/wp\/v2\/pages\/118"}],"collection":[{"href":"https:\/\/projetos.wlocus.com.br\/abasc\/wp-json\/wp\/v2\/pages"}],"about":[{"href":"https:\/\/projetos.wlocus.com.br\/abasc\/wp-json\/wp\/v2\/types\/page"}],"author":[{"embeddable":true,"href":"https:\/\/projetos.wlocus.com.br\/abasc\/wp-json\/wp\/v2\/users\/2"}],"replies":[{"embeddable":true,"href":"https:\/\/projetos.wlocus.com.br\/abasc\/wp-json\/wp\/v2\/comments?post=118"}],"version-history":[{"count":6,"href":"https:\/\/projetos.wlocus.com.br\/abasc\/wp-json\/wp\/v2\/pages\/118\/revisions"}],"predecessor-version":[{"id":2175,"href":"https:\/\/projetos.wlocus.com.br\/abasc\/wp-json\/wp\/v2\/pages\/118\/revisions\/2175"}],"wp:attachment":[{"href":"https:\/\/projetos.wlocus.com.br\/abasc\/wp-json\/wp\/v2\/media?parent=118"}],"curies":[{"name":"wp","href":"https:\/\/api.w.org\/{rel}","templated":true}]}}