{"id":311,"date":"2019-05-14T10:35:15","date_gmt":"2019-05-14T13:35:15","guid":{"rendered":"http:\/\/projetos.wlocus.com.br\/abasc\/?page_id=311"},"modified":"2021-04-29T13:07:27","modified_gmt":"2021-04-29T16:07:27","slug":"mais-que-energia","status":"publish","type":"page","link":"https:\/\/projetos.wlocus.com.br\/abasc\/mais-que-energia\/","title":{"rendered":"Mais que energia"},"content":{"rendered":"<p>[et_pb_section fb_built=&#8221;1&#8243; _builder_version=&#8221;4.9.3&#8243; _module_preset=&#8221;default&#8221;][et_pb_row column_structure=&#8221;2_3,1_3&#8243; _builder_version=&#8221;4.9.3&#8243; _module_preset=&#8221;default&#8221;][et_pb_column type=&#8221;2_3&#8243; _builder_version=&#8221;4.9.3&#8243; _module_preset=&#8221;default&#8221;][et_pb_text admin_label=&#8221;T\u00edtulo&#8221; _builder_version=&#8221;4.9.4&#8243; _module_preset=&#8221;default&#8221; hover_enabled=&#8221;0&#8243; sticky_enabled=&#8221;0&#8243;]<\/p>\n<h2><strong>Projeto Mais que Energia<\/strong><\/h2>\n<p>Defesa e Garantia de Direitos<\/p>\n<p>[\/et_pb_text][et_pb_text _builder_version=&#8221;4.9.4&#8243; _module_preset=&#8221;default&#8221; hover_enabled=&#8221;0&#8243; sticky_enabled=&#8221;0&#8243;]<\/p>\n<p><strong>Endere\u00e7o do servi\u00e7o<\/strong><br \/>Rua Bento Viana, 1.200, Batel \u2013 Curitiba\/Paran\u00e1.<\/p>\n<p><strong>Sobre o servi\u00e7o<br \/><\/strong>Com o objetivo de promover a acessibilidade e a inclus\u00e3o de pessoas com defici\u00eancia, o projeto, em parceria com a Copel, proporciona um espa\u00e7o de aprendizado e capacita\u00e7\u00e3o por meio de um laborat\u00f3rio com equipamentos eletr\u00f4nicos para aulas de inform\u00e1tica b\u00e1sica e edi\u00e7\u00e3o de imagem. Importante ressaltar que, por meio desta atividade, o conv\u00edvio social \u00e9 desenvolvido, aprimorando as habilidades e potencialidades para a inser\u00e7\u00e3o da pessoa com defici\u00eancia no mercado de trabalho e na sociedade. Os cursos s\u00e3o modulares, com carga hor\u00e1ria de acordo com a necessidade de cada assunto, avaliado pelos professores que ministram as aulas. Materiais de apoio tamb\u00e9m s\u00e3o elaborados pelos facilitadores. Inicialmente o espa\u00e7o est\u00e1 sendo utilizado dois dias na semana, com a inten\u00e7\u00e3o de ampli\u00e1-lo quando for poss\u00edvel retomar o atendimento presencial. O servi\u00e7o foi suspenso durante a pandemia. S\u00e1bados das 15h \u00e0s 17h; quartas-feiras das 10h30min \u00e0s 12h e das 13h \u00e0s 15h e quintas-feiras das 15h \u00e0s 17h<\/p>\n<p>[\/et_pb_text][\/et_pb_column][et_pb_column type=&#8221;1_3&#8243; _builder_version=&#8221;4.9.3&#8243; _module_preset=&#8221;default&#8221;][et_pb_sidebar orientation=&#8221;right&#8221; area=&#8221;et_pb_widget_area_1&#8243; admin_label=&#8221;Projetos&#8221; _builder_version=&#8221;4.9.4&#8243; _module_preset=&#8221;default&#8221;][\/et_pb_sidebar][\/et_pb_column][\/et_pb_row][\/et_pb_section]<\/p>\n","protected":false},"excerpt":{"rendered":"<p>[et_pb_section fb_built=&#8221;1&#8243; _builder_version=&#8221;4.9.3&#8243; _module_preset=&#8221;default&#8221;][et_pb_row column_structure=&#8221;2_3,1_3&#8243; _builder_version=&#8221;4.9.3&#8243; _module_preset=&#8221;default&#8221;][et_pb_column type=&#8221;2_3&#8243; _builder_version=&#8221;4.9.3&#8243; _module_preset=&#8221;default&#8221;][et_pb_text admin_label=&#8221;T\u00edtulo&#8221; _builder_version=&#8221;4.9.4&#8243; _module_preset=&#8221;default&#8221; hover_enabled=&#8221;0&#8243; sticky_enabled=&#8221;0&#8243;] Projeto Mais que Energia Defesa e Garantia de Direitos [\/et_pb_text][et_pb_text _builder_version=&#8221;4.9.4&#8243; _module_preset=&#8221;default&#8221; hover_enabled=&#8221;0&#8243; sticky_enabled=&#8221;0&#8243;] Endere\u00e7o do servi\u00e7oRua Bento Viana, 1.200, Batel \u2013 Curitiba\/Paran\u00e1. Sobre o servi\u00e7oCom o objetivo de promover a acessibilidade e a inclus\u00e3o de pessoas com defici\u00eancia, o [&hellip;]<\/p>\n","protected":false},"author":2,"featured_media":0,"parent":0,"menu_order":0,"comment_status":"closed","ping_status":"closed","template":"","meta":{"_et_pb_use_builder":"on","_et_pb_old_content":"","_et_gb_content_width":"","_monsterinsights_skip_tracking":false,"_monsterinsights_sitenote_active":false,"_monsterinsights_sitenote_note":"","_monsterinsights_sitenote_category":0},"_links":{"self":[{"href":"https:\/\/projetos.wlocus.com.br\/abasc\/wp-json\/wp\/v2\/pages\/311"}],"collection":[{"href":"https:\/\/projetos.wlocus.com.br\/abasc\/wp-json\/wp\/v2\/pages"}],"about":[{"href":"https:\/\/projetos.wlocus.com.br\/abasc\/wp-json\/wp\/v2\/types\/page"}],"author":[{"embeddable":true,"href":"https:\/\/projetos.wlocus.com.br\/abasc\/wp-json\/wp\/v2\/users\/2"}],"replies":[{"embeddable":true,"href":"https:\/\/projetos.wlocus.com.br\/abasc\/wp-json\/wp\/v2\/comments?post=311"}],"version-history":[{"count":5,"href":"https:\/\/projetos.wlocus.com.br\/abasc\/wp-json\/wp\/v2\/pages\/311\/revisions"}],"predecessor-version":[{"id":2197,"href":"https:\/\/projetos.wlocus.com.br\/abasc\/wp-json\/wp\/v2\/pages\/311\/revisions\/2197"}],"wp:attachment":[{"href":"https:\/\/projetos.wlocus.com.br\/abasc\/wp-json\/wp\/v2\/media?parent=311"}],"curies":[{"name":"wp","href":"https:\/\/api.w.org\/{rel}","templated":true}]}}