{"id":90,"date":"2019-03-07T16:07:48","date_gmt":"2019-03-07T19:07:48","guid":{"rendered":"http:\/\/abasc.org.br\/?page_id=90"},"modified":"2021-04-24T17:15:17","modified_gmt":"2021-04-24T20:15:17","slug":"sos","status":"publish","type":"page","link":"https:\/\/projetos.wlocus.com.br\/abasc\/sos\/","title":{"rendered":"S.O.S"},"content":{"rendered":"<p>[et_pb_section fb_built=&#8221;1&#8243; _builder_version=&#8221;4.9.3&#8243; _module_preset=&#8221;default&#8221;][et_pb_row column_structure=&#8221;2_3,1_3&#8243; _builder_version=&#8221;4.9.3&#8243; _module_preset=&#8221;default&#8221;][et_pb_column type=&#8221;2_3&#8243; _builder_version=&#8221;4.9.3&#8243; _module_preset=&#8221;default&#8221;][et_pb_text admin_label=&#8221;T\u00edtulo&#8221; _builder_version=&#8221;4.9.4&#8243; _module_preset=&#8221;default&#8221; hover_enabled=&#8221;0&#8243; sticky_enabled=&#8221;0&#8243;]<\/p>\n<h2><strong>Projeto S.O.S &#8211; Suporte e Orienta\u00e7\u00e3o Social<\/strong><\/h2>\n<p><span style=\"color: #808080;\">SCFV- Servi\u00e7o de Conviv\u00eancia e Fortalecimento de V\u00ednculos<\/span><\/p>\n<p>[\/et_pb_text][et_pb_text _builder_version=&#8221;4.9.4&#8243; _module_preset=&#8221;default&#8221;]<\/p>\n<p><strong>Endere\u00e7o do servi\u00e7o<\/strong><br \/>Rua Bento Viana, 1.200, Batel \u2013 Curitiba\/Paran\u00e1<\/p>\n<p><strong>Sobre o servi\u00e7o<br \/><\/strong>Este servi\u00e7o tem como objetivo acolher indiv\u00edduos e fam\u00edlias em situa\u00e7\u00e3o de vulnerabilidade, trabalhando o acesso \u00e0 garantia de direitos fundamentais e a supera\u00e7\u00e3o das suas dificuldades. Seu foco principal consiste em promover:<\/p>\n<p><strong>(I)<\/strong> o fortalecimento de v\u00ednculos familiares e comunit\u00e1rios por meio oficinas socioeducativas;<\/p>\n<p><strong>(II)<\/strong> o desenvolvimento de a\u00e7\u00f5es que proporcionam espa\u00e7o de refer\u00eancia e conv\u00edvio grupal para o acr\u00e9scimo de rela\u00e7\u00f5es de afetividade comunit\u00e1ria e social;<\/p>\n<p><strong>(III)<\/strong> o est\u00edmulo para o desenvolvimento de novas potencialidades para novos projetos de vida;<\/p>\n<p><strong>(IV)<\/strong> desenvolvimento de um espa\u00e7o que proporcione a conviv\u00eancia para sua forma\u00e7\u00e3o cidad\u00e3;<\/p>\n<p><strong>(V)<\/strong> aprimoramento de habilidades e potencialidades, necessidades e motiva\u00e7\u00f5es.<\/p>\n<p>Ademais, o servi\u00e7o visa possibilitar o reconhecimento dos direitos dos atendidos, contribuindo para o desenvolvimento de sua participa\u00e7\u00e3o na sociedade e, ainda, em compreender sua intera\u00e7\u00e3o na vida em sociedade, de forma a proporcionar viv\u00eancias para alcan\u00e7ar sua autonomia e protagonismo e, com isso, potencializar a capacidade destes indiv\u00edduos de escolher e decidir, ampliando seu espa\u00e7o de conv\u00edvio social para al\u00e9m do seu territ\u00f3rio.<\/p>\n<p>O servi\u00e7o acontece 2 (dois) dias por semana, com carga hor\u00e1ria de 2h di\u00e1ria, no per\u00edodo diurno, sendo um servi\u00e7o continuado.<\/p>\n<p>[\/et_pb_text][\/et_pb_column][et_pb_column type=&#8221;1_3&#8243; _builder_version=&#8221;4.9.3&#8243; _module_preset=&#8221;default&#8221;][et_pb_sidebar orientation=&#8221;right&#8221; area=&#8221;et_pb_widget_area_1&#8243; admin_label=&#8221;Projetos&#8221; _builder_version=&#8221;4.9.4&#8243; _module_preset=&#8221;default&#8221;][\/et_pb_sidebar][\/et_pb_column][\/et_pb_row][\/et_pb_section]<\/p>\n","protected":false},"excerpt":{"rendered":"<p>[et_pb_section fb_built=&#8221;1&#8243; _builder_version=&#8221;4.9.3&#8243; _module_preset=&#8221;default&#8221;][et_pb_row column_structure=&#8221;2_3,1_3&#8243; _builder_version=&#8221;4.9.3&#8243; _module_preset=&#8221;default&#8221;][et_pb_column type=&#8221;2_3&#8243; _builder_version=&#8221;4.9.3&#8243; _module_preset=&#8221;default&#8221;][et_pb_text admin_label=&#8221;T\u00edtulo&#8221; _builder_version=&#8221;4.9.4&#8243; _module_preset=&#8221;default&#8221; hover_enabled=&#8221;0&#8243; sticky_enabled=&#8221;0&#8243;] Projeto S.O.S &#8211; Suporte e Orienta\u00e7\u00e3o Social SCFV- Servi\u00e7o de Conviv\u00eancia e Fortalecimento de V\u00ednculos [\/et_pb_text][et_pb_text _builder_version=&#8221;4.9.4&#8243; _module_preset=&#8221;default&#8221;] Endere\u00e7o do servi\u00e7oRua Bento Viana, 1.200, Batel \u2013 Curitiba\/Paran\u00e1 Sobre o servi\u00e7oEste servi\u00e7o tem como objetivo acolher indiv\u00edduos e fam\u00edlias em situa\u00e7\u00e3o [&hellip;]<\/p>\n","protected":false},"author":2,"featured_media":0,"parent":0,"menu_order":0,"comment_status":"closed","ping_status":"closed","template":"","meta":{"_et_pb_use_builder":"on","_et_pb_old_content":"","_et_gb_content_width":"","_monsterinsights_skip_tracking":false,"_monsterinsights_sitenote_active":false,"_monsterinsights_sitenote_note":"","_monsterinsights_sitenote_category":0},"_links":{"self":[{"href":"https:\/\/projetos.wlocus.com.br\/abasc\/wp-json\/wp\/v2\/pages\/90"}],"collection":[{"href":"https:\/\/projetos.wlocus.com.br\/abasc\/wp-json\/wp\/v2\/pages"}],"about":[{"href":"https:\/\/projetos.wlocus.com.br\/abasc\/wp-json\/wp\/v2\/types\/page"}],"author":[{"embeddable":true,"href":"https:\/\/projetos.wlocus.com.br\/abasc\/wp-json\/wp\/v2\/users\/2"}],"replies":[{"embeddable":true,"href":"https:\/\/projetos.wlocus.com.br\/abasc\/wp-json\/wp\/v2\/comments?post=90"}],"version-history":[{"count":21,"href":"https:\/\/projetos.wlocus.com.br\/abasc\/wp-json\/wp\/v2\/pages\/90\/revisions"}],"predecessor-version":[{"id":2146,"href":"https:\/\/projetos.wlocus.com.br\/abasc\/wp-json\/wp\/v2\/pages\/90\/revisions\/2146"}],"wp:attachment":[{"href":"https:\/\/projetos.wlocus.com.br\/abasc\/wp-json\/wp\/v2\/media?parent=90"}],"curies":[{"name":"wp","href":"https:\/\/api.w.org\/{rel}","templated":true}]}}