{"id":1761,"date":"2019-03-07T14:46:34","date_gmt":"2019-03-07T17:46:34","guid":{"rendered":"http:\/\/projetos.wlocus.com.br\/fcc\/?page_id=1761"},"modified":"2020-03-17T22:43:50","modified_gmt":"2020-03-18T01:43:50","slug":"bacharelado-em-teologia-ead","status":"publish","type":"page","link":"https:\/\/projetos.wlocus.com.br\/fcc\/cursos\/bacharelado-em-teologia-ead\/","title":{"rendered":"Bacharelado em Teologia EAD"},"content":{"rendered":"<p>[vc_row full_width=&#8221;stretch_row_content&#8221; content_placement=&#8221;top&#8221; parallax=&#8221;content-moving-fade&#8221; parallax_image=&#8221;3979&#8243; default_id=&#8221;themesflat_1541595892&#8243; css=&#8221;.vc_custom_1584495827760{padding-top: 150px !important;padding-bottom: 100px !important;background-position: center;background-repeat: no-repeat !important;background-size: cover !important;}&#8221; el_id=&#8221;header-personalizada__header&#8221;][vc_column][vc_column_text]<\/p>\n<h1 style=\"text-align: center;\">Bacharelado em Teologia EAD<\/h1>\n<p style=\"text-align: center;\">Forma\u00e7\u00e3o de Te\u00f3logos, L\u00edderes e Profissionais<\/p>\n<p>[\/vc_column_text][\/vc_column][\/vc_row][vc_row css=&#8221;.vc_custom_1584489943459{padding-top: 100px !important;padding-bottom: 100px !important;}&#8221;][vc_column width=&#8221;2\/3&#8243;][vc_tta_tabs][vc_tta_section title=&#8221;Objetivo&#8221; tab_id=&#8221;Objetivo&#8221;][vc_column_text]O Curso de Bacharelado em Teologia tem como objetivo principal formar Te\u00f3logos, L\u00edderes e Profissionais que, a partir de sua conduta pautada por uma atua\u00e7\u00e3o respons\u00e1vel e competente, norteada por princ\u00edpios crist\u00e3os, sejam capazes de refletir criticamente sobre a quest\u00e3o do sentido da vida, contribuindo para a forma\u00e7\u00e3o de uma Sociedade justa, inclusiva e cidad\u00e3.[\/vc_column_text][\/vc_tta_section][vc_tta_section title=&#8221;P\u00fablico-alvo&#8221; tab_id=&#8221;publico-alvo&#8221;][vc_column_text]<\/p>\n<div>O Perfil de caracter\u00edsticas desejadas pela Faculdade Crist\u00e3 de Curitiba que devem compor a forma\u00e7\u00e3o de seu Bacharel em Teologia e nortear a sua vis\u00e3o e voca\u00e7\u00e3o deve levar em conta os seguintes valores:<\/div>\n<div><\/div>\n<ul>\n<li>a) Suas atividades profissionais dever\u00e3o estar sintonizadas com as caracter\u00edsticas sociais do grupo a que serve, de modo que suas habilidades estejam ao servi\u00e7o da comunidade, nas mais diferentes \u00e1reas de saber da teologia;<\/li>\n<li>\u00a0b) Sua atua\u00e7\u00e3o deve promover a melhora continua da qualidade espiritual de sua comunidade eclesi\u00e1stica, levando-a a aprimorar o senso crist\u00e3o e a estabelecer fortes v\u00ednculos de fraternidade e de civilidade;<\/li>\n<li>c) Sua forma\u00e7\u00e3o cont\u00ednua deve lhe prover compet\u00eancias e habilidades para compreender a diversidade de elementos te\u00f3ricos, al\u00e9m das m\u00faltiplas formas e t\u00e9cnicas de atua\u00e7\u00e3o poss\u00edveis na tradi\u00e7\u00e3o crist\u00e3 evang\u00e9lica. Na sua atua\u00e7\u00e3o, o bacharel em teologia estar\u00e1 apto a reconhecer diversidades que induzir\u00e3o a uma tomada de decis\u00e3o de modo cr\u00edtico e competente, levando a pr\u00e1ticas adaptadas a situa\u00e7\u00f5es e particularidades;<\/li>\n<li>d) Sua capacidade advir\u00e1 de uma permanente forma\u00e7\u00e3o e desenvolvimento profissional, norteada pela busca de informa\u00e7\u00f5es atualizadas, relativas ao seu campo de atua\u00e7\u00e3o e a outras \u00e1reas afins;<\/li>\n<li>e) Sua maturidade profissional \u00e9 fundamental para que possa atuar num contexto da realidade multidisciplinar, estando preparado para exercer as fun\u00e7\u00f5es que lhe cabem nas situa\u00e7\u00f5es em que sua atividade esteja interligada a outras \u00e1reas profissionais.<\/li>\n<\/ul>\n<p>[\/vc_column_text][\/vc_tta_section][vc_tta_section title=&#8221;Disciplinas&#8221; tab_id=&#8221;disciplinas&#8221;][vc_column_text]<img loading=\"lazy\" class=\"alignnone wp-image-1763 size-full\" src=\"http:\/\/projetos.wlocus.com.br\/fcc\/wp-content\/uploads\/2019\/03\/Matriz-Curricular-Teologia-EAD-Faculdade-Crista.png\" alt=\"\" width=\"499\" height=\"849\" srcset=\"https:\/\/projetos.wlocus.com.br\/fcc\/wp-content\/uploads\/2019\/03\/Matriz-Curricular-Teologia-EAD-Faculdade-Crista.png 499w, https:\/\/projetos.wlocus.com.br\/fcc\/wp-content\/uploads\/2019\/03\/Matriz-Curricular-Teologia-EAD-Faculdade-Crista-176x300.png 176w\" sizes=\"(max-width: 499px) 100vw, 499px\" \/>[\/vc_column_text][\/vc_tta_section][\/vc_tta_tabs][\/vc_column][vc_column width=&#8221;1\/3&#8243; css=&#8221;.vc_custom_1584484700933{padding-top: 50px !important;}&#8221;][vc_toggle title=&#8221;Investimento&#8221;]R$1.979,40 ou 6x R$329,90<\/p>\n<p>10% de b\u00f4nus para pagamento at\u00e9 o vencimento R$259,90[\/vc_toggle][vc_toggle title=&#8221;Carga Hor\u00e1ria&#8221;]2.940h[\/vc_toggle][vc_toggle title=&#8221;Dura\u00e7\u00e3o&#8221;]3 anos[\/vc_toggle][vc_toggle title=&#8221;Aulas Presenciais&#8221;]2 vezes por ano para realiza\u00e7\u00e3o de atividades pr\u00e1ticas e provas semestrais.[\/vc_toggle][vc_toggle title=&#8221;Inicio das Aulas&#8221;]1\u00ba semestre: m\u00eas de mar\u00e7o<\/p>\n<p>2\u00ba semestre: m\u00eas de julho[\/vc_toggle][\/vc_column][\/vc_row]<\/p>\n","protected":false},"excerpt":{"rendered":"<p>[vc_row full_width=&#8221;stretch_row_content&#8221; content_placement=&#8221;top&#8221; parallax=&#8221;content-moving-fade&#8221; parallax_image=&#8221;3979&#8243; default_id=&#8221;themesflat_1541595892&#8243; css=&#8221;.vc_custom_1584495827760{padding-top: 150px !important;padding-bottom: 100px !important;background-position: center;background-repeat: no-repeat !important;background-size: cover !important;}&#8221; el_id=&#8221;header-personalizada__header&#8221;][vc_column][vc_column_text] Bacharelado em Teologia EAD Forma\u00e7\u00e3o de Te\u00f3logos, L\u00edderes e Profissionais [\/vc_column_text][\/vc_column][\/vc_row][vc_row css=&#8221;.vc_custom_1584489943459{padding-top: 100px !important;padding-bottom: 100px !important;}&#8221;][vc_column width=&#8221;2\/3&#8243;][vc_tta_tabs][vc_tta_section title=&#8221;Objetivo&#8221; tab_id=&#8221;Objetivo&#8221;][vc_column_text]O Curso de Bacharelado em Teologia tem como objetivo principal formar Te\u00f3logos, L\u00edderes e Profissionais que, [&hellip;]<\/p>\n","protected":false},"author":1,"featured_media":0,"parent":1692,"menu_order":0,"comment_status":"closed","ping_status":"closed","template":"tpl\/front-page.php","meta":[],"_links":{"self":[{"href":"https:\/\/projetos.wlocus.com.br\/fcc\/wp-json\/wp\/v2\/pages\/1761"}],"collection":[{"href":"https:\/\/projetos.wlocus.com.br\/fcc\/wp-json\/wp\/v2\/pages"}],"about":[{"href":"https:\/\/projetos.wlocus.com.br\/fcc\/wp-json\/wp\/v2\/types\/page"}],"author":[{"embeddable":true,"href":"https:\/\/projetos.wlocus.com.br\/fcc\/wp-json\/wp\/v2\/users\/1"}],"replies":[{"embeddable":true,"href":"https:\/\/projetos.wlocus.com.br\/fcc\/wp-json\/wp\/v2\/comments?post=1761"}],"version-history":[{"count":6,"href":"https:\/\/projetos.wlocus.com.br\/fcc\/wp-json\/wp\/v2\/pages\/1761\/revisions"}],"predecessor-version":[{"id":3984,"href":"https:\/\/projetos.wlocus.com.br\/fcc\/wp-json\/wp\/v2\/pages\/1761\/revisions\/3984"}],"up":[{"embeddable":true,"href":"https:\/\/projetos.wlocus.com.br\/fcc\/wp-json\/wp\/v2\/pages\/1692"}],"wp:attachment":[{"href":"https:\/\/projetos.wlocus.com.br\/fcc\/wp-json\/wp\/v2\/media?parent=1761"}],"curies":[{"name":"wp","href":"https:\/\/api.w.org\/{rel}","templated":true}]}}