{"id":1808,"date":"2019-03-07T16:11:38","date_gmt":"2019-03-07T19:11:38","guid":{"rendered":"http:\/\/projetos.wlocus.com.br\/fcc\/?page_id=1808"},"modified":"2020-03-18T21:42:30","modified_gmt":"2020-03-19T00:42:30","slug":"aeieadc","status":"publish","type":"page","link":"https:\/\/projetos.wlocus.com.br\/fcc\/institucional\/aeieadc\/","title":{"rendered":"AEIEADC"},"content":{"rendered":"<p>[vc_row full_width=&#8221;stretch_row_content&#8221; content_placement=&#8221;middle&#8221; parallax=&#8221;content-moving-fade&#8221; parallax_image=&#8221;1870&#8243; default_id=&#8221;themesflat_1541595892&#8243; css=&#8221;.vc_custom_1584576265135{padding-top: 150px !important;padding-bottom: 100px !important;background-position: center;background-repeat: no-repeat !important;background-size: cover !important;}&#8221; el_id=&#8221;header-personalizada__header&#8221;][vc_column][vc_column_text]<\/p>\n<h1 style=\"text-align: center;\">AEIEADC<\/h1>\n<p style=\"text-align: center;\">Associa\u00e7\u00e3o Educacional da Igreja Evang\u00e9lica Assembl\u00e9ia de Deus em Curitiba<\/p>\n<p>[\/vc_column_text][\/vc_column][\/vc_row][vc_row css=&#8221;.vc_custom_1584576293176{padding-top: 100px !important;padding-bottom: 100px !important;}&#8221;][vc_column width=&#8221;3\/12&#8243;][vc_wp_custommenu nav_menu=&#8221;33&#8243;][\/vc_column][vc_column width=&#8221;9\/12&#8243;][vc_column_text]<\/p>\n<h2>AEIEADC<\/h2>\n<p align=\"justify\">No dia\u00a012 de novembro de 1990, foi reunida uma comiss\u00e3o para exame e aprova\u00e7\u00e3o, proposta pelo pastor Jos\u00e9 Pimentel de Carvalho \u2013 Presidente da IEADC, no templo sede de nossa igreja. Essa comiss\u00e3o recebeu delega\u00e7\u00e3o de compet\u00eancia para examinar, aprovar e apresentar um projeto de estrutura\u00e7\u00e3o de uma associa\u00e7\u00e3o educacional. Esta comiss\u00e3o tinha como componentes o Pr. Ival Teodoro da Silva como presidente. Os demais membros foram: Pr. Mirislan Douglas Scheffell, Pr. Manoel Caetano, Pr. Jos\u00e9 Carlos Correa, Pr. Mois\u00e9s Lacour, Pr. Salvador de Lara, Pr. Catharino Nunes Pires, Pr. Jos\u00e9 de J. Nunes Pires, Pr. Almir Ferreira e Ev. Vitorino Moraes.<\/p>\n<p align=\"justify\">Os objetivos da Associa\u00e7\u00e3o Educacional foram estabelecidos da seguinte maneira: Propiciar \u00e0s unidades mantidas, os meios necess\u00e1rios para cumprirem as suas finalidades; Promover a educa\u00e7\u00e3o infantil, ensino fundamental, ensino m\u00e9dio e o ensino superior em todos os n\u00edveis e em todas as suas modalidades; Promover o ensino formal e informal, em seus diversos graus e modadlidades; Estimular a pesquisa teol\u00f3gica e cient\u00edfica; Contribuir para forma\u00e7\u00e3o de uma s\u00f3lida cultura em todos os n\u00edveis de ensino; Promover a realiza\u00e7\u00e3o de confer\u00eancias, palestras, cursos, simp\u00f3sios, semin\u00e1rios e outros, abordando temas de interesse da sociedade; Manter e desenvolver, em estabelecimentos pr\u00f3prios, cursos profissionalizantes em todos os n\u00edveis, visando a aprendizagem, forma\u00e7\u00e3o, qualifica\u00e7\u00e3o, habilita\u00e7\u00e3o e aperfei\u00e7oamento profissional; Contribuir com o Poder P\u00fablico na prote\u00e7\u00e3o, preserva\u00e7\u00e3o e recupera\u00e7\u00e3o do meio ambiente natural e constru\u00eddo, do patrim\u00f4nio cultural, hist\u00f3rico, art\u00edstico, paisag\u00edstico e arqueol\u00f3gico; Organizar e desenvolver ve\u00edculos de comunica\u00e7\u00e3o, visando a difus\u00e3o de princ\u00edpios crist\u00e3os, morais, educacionais e culturais, atrav\u00e9s de emissoras de r\u00e1dio, televis\u00e3o, jornal, revistas, internet e outros meios; Organizar e desenvolver programas de prote\u00e7\u00e3o \u00e0 fam\u00edlia, \u00e0 maternidade, \u00e0 inf\u00e2ncia, ao adolescente e ao idoso; Cooperar com \u00f3rg\u00e3os p\u00fablicos e privados no desenvolvimento de programas e projetos de interesse comunit\u00e1rio, podendo inclusive, celebrar conv\u00eanios e acordos para a consecu\u00e7\u00e3o de suas finalidades; Contribuir para o desenvolvimento humano, cultural, c\u00edvico, social, econ\u00f4mico e bem estar da comunidade; Contribuir na difus\u00e3o da arte, do desporto, da cultura, como sa\u00fade, lazer e direito da sociedade; O<\/p>\n<p>[\/vc_column_text][\/vc_column][\/vc_row]<\/p>\n","protected":false},"excerpt":{"rendered":"<p>[vc_row full_width=&#8221;stretch_row_content&#8221; content_placement=&#8221;middle&#8221; parallax=&#8221;content-moving-fade&#8221; parallax_image=&#8221;1870&#8243; default_id=&#8221;themesflat_1541595892&#8243; css=&#8221;.vc_custom_1584576265135{padding-top: 150px !important;padding-bottom: 100px !important;background-position: center;background-repeat: no-repeat !important;background-size: cover !important;}&#8221; el_id=&#8221;header-personalizada__header&#8221;][vc_column][vc_column_text] AEIEADC Associa\u00e7\u00e3o Educacional da Igreja Evang\u00e9lica Assembl\u00e9ia de Deus em Curitiba [\/vc_column_text][\/vc_column][\/vc_row][vc_row css=&#8221;.vc_custom_1584576293176{padding-top: 100px !important;padding-bottom: 100px !important;}&#8221;][vc_column width=&#8221;3\/12&#8243;][vc_wp_custommenu nav_menu=&#8221;33&#8243;][\/vc_column][vc_column width=&#8221;9\/12&#8243;][vc_column_text] AEIEADC No dia\u00a012 de novembro de 1990, foi reunida uma comiss\u00e3o para exame e [&hellip;]<\/p>\n","protected":false},"author":1,"featured_media":0,"parent":557,"menu_order":0,"comment_status":"closed","ping_status":"closed","template":"tpl\/front-page.php","meta":[],"_links":{"self":[{"href":"https:\/\/projetos.wlocus.com.br\/fcc\/wp-json\/wp\/v2\/pages\/1808"}],"collection":[{"href":"https:\/\/projetos.wlocus.com.br\/fcc\/wp-json\/wp\/v2\/pages"}],"about":[{"href":"https:\/\/projetos.wlocus.com.br\/fcc\/wp-json\/wp\/v2\/types\/page"}],"author":[{"embeddable":true,"href":"https:\/\/projetos.wlocus.com.br\/fcc\/wp-json\/wp\/v2\/users\/1"}],"replies":[{"embeddable":true,"href":"https:\/\/projetos.wlocus.com.br\/fcc\/wp-json\/wp\/v2\/comments?post=1808"}],"version-history":[{"count":6,"href":"https:\/\/projetos.wlocus.com.br\/fcc\/wp-json\/wp\/v2\/pages\/1808\/revisions"}],"predecessor-version":[{"id":4094,"href":"https:\/\/projetos.wlocus.com.br\/fcc\/wp-json\/wp\/v2\/pages\/1808\/revisions\/4094"}],"up":[{"embeddable":true,"href":"https:\/\/projetos.wlocus.com.br\/fcc\/wp-json\/wp\/v2\/pages\/557"}],"wp:attachment":[{"href":"https:\/\/projetos.wlocus.com.br\/fcc\/wp-json\/wp\/v2\/media?parent=1808"}],"curies":[{"name":"wp","href":"https:\/\/api.w.org\/{rel}","templated":true}]}}