{"id":3938,"date":"2020-03-17T19:11:35","date_gmt":"2020-03-17T22:11:35","guid":{"rendered":"http:\/\/projetos.wlocus.com.br\/fcc\/?page_id=3938"},"modified":"2020-03-19T23:39:24","modified_gmt":"2020-03-20T02:39:24","slug":"especializacao-em-docencia-do-ensino-religioso","status":"publish","type":"page","link":"https:\/\/projetos.wlocus.com.br\/fcc\/cursos\/especializacao-em-docencia-do-ensino-religioso\/","title":{"rendered":"Especializa\u00e7\u00e3o em Doc\u00eancia do Ensino Religioso"},"content":{"rendered":"<p>[vc_row full_width=&#8221;stretch_row_content&#8221; content_placement=&#8221;middle&#8221; parallax=&#8221;content-moving-fade&#8221; parallax_image=&#8221;1870&#8243; default_id=&#8221;themesflat_1541595892&#8243; css=&#8221;.vc_custom_1584671897315{padding-top: 150px !important;padding-bottom: 100px !important;background-position: center;background-repeat: no-repeat !important;background-size: cover !important;}&#8221; el_id=&#8221;header-personalizada__header&#8221;][vc_column][vc_column_text]<\/p>\n<h1 style=\"text-align: center;\">Especializa\u00e7\u00e3o em Doc\u00eancia do Ensino Religioso<\/h1>\n<p style=\"text-align: center;\">Visa capacitar professores do ensino religioso para atua\u00e7\u00e3o na Rede P\u00fablica e Privada<\/p>\n<p>[\/vc_column_text][\/vc_column][\/vc_row][vc_row css=&#8221;.vc_custom_1584482728891{padding-top: 100px !important;padding-bottom: 100px !important;}&#8221;][vc_column width=&#8221;2\/3&#8243;][vc_tta_tabs][vc_tta_section title=&#8221;Objetivo&#8221; tab_id=&#8221;Objetivo0410-9ab4&#8243;][vc_column_text]Com uma metodologia de ensino e aprendizagem inovadora o Curso visa capacitar professores do ensino religioso para atua\u00e7\u00e3o na Rede P\u00fablica e Privada (Observando-se as diretrizes legais para esse exerc\u00edcio) e em Organiza\u00e7\u00f5es N\u00e3o Governamentais. O curso proporciona, tamb\u00e9m, ferramentas te\u00f3rico-metodol\u00f3gicas para a produ\u00e7\u00e3o de pesquisa e literatura no tema.[\/vc_column_text][\/vc_tta_section][vc_tta_section title=&#8221;P\u00fablico-alvo&#8221; tab_id=&#8221;publico-alvo0410-9ab4&#8243;][vc_column_text]Egressos de Cursos de Gradua\u00e7\u00e3o e Licenciaturas Reconhecidos pelo MEC.[\/vc_column_text][\/vc_tta_section][vc_tta_section title=&#8221;Disciplinas&#8221; tab_id=&#8221;disciplinas0410-9ab4&#8243;][vc_column_text]<b>Aulas Presenciais Quinzenais: S\u00e1bados<\/b><\/p>\n<table>\n<tbody>\n<tr>\n<td>Disciplina<\/td>\n<td>CH<\/td>\n<\/tr>\n<tr>\n<td>\n<ul>\n<li>Fundamentos Epistemol\u00f3gicos do Ensino Religioso<\/li>\n<li>Hist\u00f3ria das Religi\u00f5es e religiosidades<\/li>\n<\/ul>\n<\/td>\n<td>45h\/a<\/td>\n<\/tr>\n<tr>\n<td>\n<ul>\n<li>Hist\u00f3ria e Legisla\u00e7\u00e3o do Ensino Religioso<\/li>\n<\/ul>\n<ul>\n<li>Laicidade e Di\u00e1logo Inter-religioso<\/li>\n<\/ul>\n<\/td>\n<td>45h\/a<\/td>\n<\/tr>\n<tr>\n<td>\n<ul>\n<li>Metodologia do Ensino Superior<\/li>\n<li>Ensino Religioso, Cosmovis\u00f5es e Cultura<\/li>\n<\/ul>\n<\/td>\n<td>45h\/a<\/td>\n<\/tr>\n<tr>\n<td>\n<ul>\n<li>Ensino Religioso na Escola: fundamentos pedag\u00f3gicos<\/li>\n<li>FONAPER e os pressupostos do Ensino Religioso<\/li>\n<\/ul>\n<\/td>\n<td>45h\/a<\/td>\n<\/tr>\n<tr>\n<td>\n<ul>\n<li>Trabalho de conclus\u00e3o de Curso<\/li>\n<\/ul>\n<\/td>\n<td><b>60 h\/a<\/b><\/td>\n<\/tr>\n<\/tbody>\n<\/table>\n<p>[\/vc_column_text][\/vc_tta_section][\/vc_tta_tabs][\/vc_column][vc_column width=&#8221;1\/3&#8243; css=&#8221;.vc_custom_1584483321826{padding-top: 50px !important;}&#8221;][vc_toggle title=&#8221;Investimento&#8221;]18 parcelas de R$ 240.00[\/vc_toggle][vc_toggle title=&#8221;Carga Hor\u00e1ria&#8221;]420h[\/vc_toggle][vc_toggle title=&#8221;Dura\u00e7\u00e3o&#8221;]18 meses<\/p>\n<p>*15 meses de Aulas te\u00f3ricas (360 h) e 3 meses de orienta\u00e7\u00e3o para o Trabalho de Conclus\u00e3o de Curso (60 horas).[\/vc_toggle][vc_toggle title=&#8221;Aulas Presenciais&#8221;]S\u00e1bados (quinzenais).[\/vc_toggle][vc_toggle title=&#8221;Corpo Docente&#8221;]Mestres e Doutores.[\/vc_toggle][vc_toggle title=&#8221;In\u00edcio das aulas&#8221;]\u00c0 definir.[\/vc_toggle][\/vc_column][\/vc_row]<\/p>\n","protected":false},"excerpt":{"rendered":"<p>[vc_row full_width=&#8221;stretch_row_content&#8221; content_placement=&#8221;middle&#8221; parallax=&#8221;content-moving-fade&#8221; parallax_image=&#8221;1870&#8243; default_id=&#8221;themesflat_1541595892&#8243; css=&#8221;.vc_custom_1584671897315{padding-top: 150px !important;padding-bottom: 100px !important;background-position: center;background-repeat: no-repeat !important;background-size: cover !important;}&#8221; el_id=&#8221;header-personalizada__header&#8221;][vc_column][vc_column_text] Especializa\u00e7\u00e3o em Doc\u00eancia do Ensino Religioso Visa capacitar professores do ensino religioso para atua\u00e7\u00e3o na Rede P\u00fablica e Privada [\/vc_column_text][\/vc_column][\/vc_row][vc_row css=&#8221;.vc_custom_1584482728891{padding-top: 100px !important;padding-bottom: 100px !important;}&#8221;][vc_column width=&#8221;2\/3&#8243;][vc_tta_tabs][vc_tta_section title=&#8221;Objetivo&#8221; tab_id=&#8221;Objetivo0410-9ab4&#8243;][vc_column_text]Com uma metodologia de ensino e aprendizagem [&hellip;]<\/p>\n","protected":false},"author":1,"featured_media":0,"parent":1692,"menu_order":0,"comment_status":"closed","ping_status":"closed","template":"tpl\/front-page.php","meta":[],"_links":{"self":[{"href":"https:\/\/projetos.wlocus.com.br\/fcc\/wp-json\/wp\/v2\/pages\/3938"}],"collection":[{"href":"https:\/\/projetos.wlocus.com.br\/fcc\/wp-json\/wp\/v2\/pages"}],"about":[{"href":"https:\/\/projetos.wlocus.com.br\/fcc\/wp-json\/wp\/v2\/types\/page"}],"author":[{"embeddable":true,"href":"https:\/\/projetos.wlocus.com.br\/fcc\/wp-json\/wp\/v2\/users\/1"}],"replies":[{"embeddable":true,"href":"https:\/\/projetos.wlocus.com.br\/fcc\/wp-json\/wp\/v2\/comments?post=3938"}],"version-history":[{"count":6,"href":"https:\/\/projetos.wlocus.com.br\/fcc\/wp-json\/wp\/v2\/pages\/3938\/revisions"}],"predecessor-version":[{"id":4176,"href":"https:\/\/projetos.wlocus.com.br\/fcc\/wp-json\/wp\/v2\/pages\/3938\/revisions\/4176"}],"up":[{"embeddable":true,"href":"https:\/\/projetos.wlocus.com.br\/fcc\/wp-json\/wp\/v2\/pages\/1692"}],"wp:attachment":[{"href":"https:\/\/projetos.wlocus.com.br\/fcc\/wp-json\/wp\/v2\/media?parent=3938"}],"curies":[{"name":"wp","href":"https:\/\/api.w.org\/{rel}","templated":true}]}}