{"id":3944,"date":"2020-03-17T19:19:44","date_gmt":"2020-03-17T22:19:44","guid":{"rendered":"http:\/\/projetos.wlocus.com.br\/fcc\/?page_id=3944"},"modified":"2020-03-19T23:44:41","modified_gmt":"2020-03-20T02:44:41","slug":"especializacao-em-teologia-e-ministerio-pastoral","status":"publish","type":"page","link":"https:\/\/projetos.wlocus.com.br\/fcc\/cursos\/especializacao-em-teologia-e-ministerio-pastoral\/","title":{"rendered":"Especializa\u00e7\u00e3o em Teologia e Minist\u00e9rio Pastoral"},"content":{"rendered":"<p>[vc_row full_width=&#8221;stretch_row_content&#8221; content_placement=&#8221;middle&#8221; parallax=&#8221;content-moving-fade&#8221; parallax_image=&#8221;1870&#8243; default_id=&#8221;themesflat_1541595892&#8243; css=&#8221;.vc_custom_1584672223603{padding-top: 150px !important;padding-bottom: 100px !important;background-position: center;background-repeat: no-repeat !important;background-size: cover !important;}&#8221; el_id=&#8221;header-personalizada__header&#8221;][vc_column][vc_column_text]<\/p>\n<h1 style=\"text-align: center;\">Especializa\u00e7\u00e3o em Teologia e Minist\u00e9rio Pastoral<\/h1>\n<p style=\"text-align: center;\">Visa o aprofundamento na Teologia B\u00edblica com \u00eanfases na Pesquisa, Interpreta\u00e7\u00e3o e Leituras do Antigo e Novo Testamento<\/p>\n<p>[\/vc_column_text][\/vc_column][\/vc_row][vc_row css=&#8221;.vc_custom_1584482728891{padding-top: 100px !important;padding-bottom: 100px !important;}&#8221;][vc_column width=&#8221;2\/3&#8243;][vc_tta_tabs][vc_tta_section title=&#8221;Objetivo&#8221; tab_id=&#8221;Objetivo99fd-7d5b&#8221;][vc_column_text]Com uma metodologia de ensino e aprendizagem inovadora o Curso visa o aprofundamento na Teologia B\u00edblica com \u00eanfases na Pesquisa, Interpreta\u00e7\u00e3o e Leituras do Antigo e Novo Testamento e, numa perspectiva dialogal e multidisciplinar com as diversas \u00e1reas do saber, contribua para um minist\u00e9rio relevante na \u00e1rea de lideran\u00e7a e aconselhamento pastoral.[\/vc_column_text][\/vc_tta_section][vc_tta_section title=&#8221;P\u00fablico-alvo&#8221; tab_id=&#8221;publico-alvo99fd-7d5b&#8221;][vc_column_text]Egressos de Cursos de Gradua\u00e7\u00e3o e Licenciaturas Reconhecidos pelo MEC.[\/vc_column_text][\/vc_tta_section][vc_tta_section title=&#8221;Disciplinas&#8221; tab_id=&#8221;disciplinas99fd-7d5b&#8221;][vc_column_text]<b>Aulas Presenciais Quinzenais: S\u00e1bados<\/b><\/p>\n<table>\n<tbody>\n<tr>\n<td>Disciplina<\/td>\n<td>CH<\/td>\n<\/tr>\n<tr>\n<td>\n<ul>\n<li>Metodologia de Ensino e Pesquisa<\/li>\n<li>Modelos B\u00edblicos de Pastoreio e Lideran\u00e7a Ministerial<\/li>\n<\/ul>\n<\/td>\n<td>45h\/a<\/td>\n<\/tr>\n<tr>\n<td>\n<ul>\n<li>Cristianismo e Mundo Contempor\u00e2neo<\/li>\n<li>Interpreta\u00e7\u00e3o e Prega\u00e7\u00e3o no Antigo Testamento<\/li>\n<\/ul>\n<\/td>\n<td>45h\/a<\/td>\n<\/tr>\n<tr>\n<td>\n<ul>\n<li>Lideran\u00e7a e Pastoreio<\/li>\n<li>Pr\u00e1xis Pastoral: Forma\u00e7\u00e3o e Desenvolvimento da Fam\u00edlia<\/li>\n<\/ul>\n<\/td>\n<td>45h\/a<\/td>\n<\/tr>\n<tr>\n<td>\n<ul>\n<li>Pesquisa e Leitura no Novo Testamento<\/li>\n<li>Interpreta\u00e7\u00e3o e Prega\u00e7\u00e3o no Novo Testamento<\/li>\n<\/ul>\n<\/td>\n<td>45h\/a<\/td>\n<\/tr>\n<tr>\n<td>\n<ul>\n<li>Teologias, Culturas e Sociedades no Mundo B\u00edblico.<\/li>\n<li>Pesquisa e Leitura no Antigo Testamento<\/li>\n<\/ul>\n<\/td>\n<td>45h\/a<\/td>\n<\/tr>\n<tr>\n<td>\n<ul>\n<li>Gest\u00e3o de Si: \u00c9tica e Crescimento Pessoal<\/li>\n<\/ul>\n<\/td>\n<td><b>45h\/a<\/b><\/td>\n<\/tr>\n<tr>\n<td>\n<ul>\n<li>Trabalho de conclus\u00e3o de Curso<\/li>\n<\/ul>\n<\/td>\n<td><b>60 h\/a<\/b><\/td>\n<\/tr>\n<\/tbody>\n<\/table>\n<p>[\/vc_column_text][\/vc_tta_section][\/vc_tta_tabs][\/vc_column][vc_column width=&#8221;1\/3&#8243; css=&#8221;.vc_custom_1584483634747{padding-top: 50px !important;}&#8221;][vc_toggle title=&#8221;Investimento&#8221;]18 parcelas de R$ 240.00.[\/vc_toggle][vc_toggle title=&#8221;Carga Hor\u00e1ria&#8221;]420h[\/vc_toggle][vc_toggle title=&#8221;Dura\u00e7\u00e3o&#8221;]18 meses<\/p>\n<p>*15 meses de Aulas te\u00f3ricas (360 h) e 3 meses de orienta\u00e7\u00e3o para o Trabalho de Conclus\u00e3o de Curso (60 horas).[\/vc_toggle][vc_toggle title=&#8221;Aulas Presenciais&#8221;]S\u00e1bados (quinzenais).[\/vc_toggle][vc_toggle title=&#8221;Corpo Docente&#8221;]Mestres e Doutores.[\/vc_toggle][vc_toggle title=&#8221;Inicio das Aulas&#8221;]\u00c0 definir.[\/vc_toggle][\/vc_column][\/vc_row]<\/p>\n","protected":false},"excerpt":{"rendered":"<p>[vc_row full_width=&#8221;stretch_row_content&#8221; content_placement=&#8221;middle&#8221; parallax=&#8221;content-moving-fade&#8221; parallax_image=&#8221;1870&#8243; default_id=&#8221;themesflat_1541595892&#8243; css=&#8221;.vc_custom_1584672223603{padding-top: 150px !important;padding-bottom: 100px !important;background-position: center;background-repeat: no-repeat !important;background-size: cover !important;}&#8221; el_id=&#8221;header-personalizada__header&#8221;][vc_column][vc_column_text] Especializa\u00e7\u00e3o em Teologia e Minist\u00e9rio Pastoral Visa o aprofundamento na Teologia B\u00edblica com \u00eanfases na Pesquisa, Interpreta\u00e7\u00e3o e Leituras do Antigo e Novo Testamento [\/vc_column_text][\/vc_column][\/vc_row][vc_row css=&#8221;.vc_custom_1584482728891{padding-top: 100px !important;padding-bottom: 100px !important;}&#8221;][vc_column width=&#8221;2\/3&#8243;][vc_tta_tabs][vc_tta_section title=&#8221;Objetivo&#8221; tab_id=&#8221;Objetivo99fd-7d5b&#8221;][vc_column_text]Com uma [&hellip;]<\/p>\n","protected":false},"author":1,"featured_media":0,"parent":1692,"menu_order":0,"comment_status":"closed","ping_status":"closed","template":"tpl\/front-page.php","meta":[],"_links":{"self":[{"href":"https:\/\/projetos.wlocus.com.br\/fcc\/wp-json\/wp\/v2\/pages\/3944"}],"collection":[{"href":"https:\/\/projetos.wlocus.com.br\/fcc\/wp-json\/wp\/v2\/pages"}],"about":[{"href":"https:\/\/projetos.wlocus.com.br\/fcc\/wp-json\/wp\/v2\/types\/page"}],"author":[{"embeddable":true,"href":"https:\/\/projetos.wlocus.com.br\/fcc\/wp-json\/wp\/v2\/users\/1"}],"replies":[{"embeddable":true,"href":"https:\/\/projetos.wlocus.com.br\/fcc\/wp-json\/wp\/v2\/comments?post=3944"}],"version-history":[{"count":3,"href":"https:\/\/projetos.wlocus.com.br\/fcc\/wp-json\/wp\/v2\/pages\/3944\/revisions"}],"predecessor-version":[{"id":4179,"href":"https:\/\/projetos.wlocus.com.br\/fcc\/wp-json\/wp\/v2\/pages\/3944\/revisions\/4179"}],"up":[{"embeddable":true,"href":"https:\/\/projetos.wlocus.com.br\/fcc\/wp-json\/wp\/v2\/pages\/1692"}],"wp:attachment":[{"href":"https:\/\/projetos.wlocus.com.br\/fcc\/wp-json\/wp\/v2\/media?parent=3944"}],"curies":[{"name":"wp","href":"https:\/\/api.w.org\/{rel}","templated":true}]}}