{"id":526,"date":"2017-02-06T06:55:54","date_gmt":"2017-02-06T06:55:54","guid":{"rendered":"http:\/\/localhost\/finance\/?page_id=526"},"modified":"2020-03-19T21:27:20","modified_gmt":"2020-03-20T00:27:20","slug":"corpo-docente","status":"publish","type":"page","link":"https:\/\/projetos.wlocus.com.br\/fcc\/institucional\/corpo-docente\/","title":{"rendered":"Corpo Docente"},"content":{"rendered":"<p>[vc_row full_width=&#8221;stretch_row_content&#8221; content_placement=&#8221;middle&#8221; parallax=&#8221;content-moving-fade&#8221; parallax_image=&#8221;1870&#8243; default_id=&#8221;themesflat_1541595892&#8243; css=&#8221;.vc_custom_1584500179580{padding-top: 150px !important;padding-bottom: 100px !important;background-position: center;background-repeat: no-repeat !important;background-size: cover !important;}&#8221; el_id=&#8221;header-personalizada__header&#8221;][vc_column][vc_column_text]<\/p>\n<h1 style=\"text-align: center;\">Corpo Docente<\/h1>\n<p style=\"text-align: center;\">Mestres, Doutores e Especialistas<\/p>\n<p>[\/vc_column_text][\/vc_column][\/vc_row][vc_row parallax_speed=&#8221;4&#8243; parallax_x=&#8221;4&#8243; parallax_y=&#8221;4&#8243; css=&#8221;.vc_custom_1584500389935{padding-top: 100px !important;padding-bottom: 100px !important;}&#8221;][vc_column width=&#8221;3\/12&#8243;][vc_wp_custommenu nav_menu=&#8221;33&#8243;][\/vc_column][vc_column width=&#8221;9\/12&#8243;]\n\t\t<div class=\"flat-team  has-image\">\n\t\t\t\n\t\t\t<div class=\"team-image\">\n\t\t\t\t<img src=\"https:\/\/projetos.wlocus.com.br\/fcc\/wp-content\/uploads\/2020\/03\/imagem-professor-Albert-Friesen-01.png\" alt=\"Albert Friesen\" \/>\n\t\t\t<\/div>\n\t\t\t\t\t\n\t\t\t<div class=\"team-info\">\t\n\t\t\t\t<div class=\"team-subtitle\">Professor<\/div><h3 class=\"team-name\">Albert Friesen<\/h3>\t\t\t\n\t\t\t\t<div class=\"team-desc\">Doutor em Ci\u00eancias da Religi\u00e3o pela Universidade Metodista de S\u00e3o Paulo, Mestre em Ci\u00eancias da Religi\u00e3o pela Universidade Metodista de S\u00e3o Paulo, Especialista em Terapia Familiar e de Casais pela INTECEF, Graduado em Psicologia pela UFPR e Bacharel em Teologia pela Faculdade Fid\u00e9lis.<\/div>\n\t\t\t\t\n\t\t\t\t\n\t\t\t<p class=\"box-readmore\">\n\t\t\t\t<a href=\"http:\/\/buscatextual.cnpq.br\/buscatextual\/visualizacv.do?id=K4757989U6\">Curr\u00edculo Lattes<\/a>\n\t\t\t<\/p>\n\t\t\t<\/div>\n\t\t<\/div>\n\t\n\t\t<div class=\"flat-team  has-image\">\n\t\t\t\n\t\t\t<div class=\"team-image\">\n\t\t\t\t<img src=\"https:\/\/projetos.wlocus.com.br\/fcc\/wp-content\/uploads\/2020\/03\/imagem-professora-Carla-Valeria-da-Costa-Feitosa.png\" alt=\"Carla Val\u00e9ria da Costa Feitosa\" \/>\n\t\t\t<\/div>\n\t\t\t\t\t\n\t\t\t<div class=\"team-info\">\t\n\t\t\t\t<div class=\"team-subtitle\">Professora<\/div><h3 class=\"team-name\">Carla Val\u00e9ria da Costa Feitosa<\/h3>\t\t\t\n\t\t\t\t<div class=\"team-desc\">Bacharel e licenciatura em Hist\u00f3ria, Bacharel em letras, P\u00f3s-Gradua\u00e7\u00e3o (Especializa\u00e7\u00e3o) Magist\u00e9rio Superior e P\u00f3s-Gradua\u00e7\u00e3o (Mestrado) em Comunica\u00e7\u00e3o e Linguagens.<\/div>\n\t\t\t\t\n\t\t\t\t\n\t\t\t<p class=\"box-readmore\">\n\t\t\t\t<a href=\"http:\/\/buscatextual.cnpq.br\/buscatextual\/visualizacv.do?id=K4325976H4\">Curr\u00edculo Lattes<\/a>\n\t\t\t<\/p>\n\t\t\t<\/div>\n\t\t<\/div>\n\t\n\t\t<div class=\"flat-team  has-image\">\n\t\t\t\n\t\t\t<div class=\"team-image\">\n\t\t\t\t<img src=\"https:\/\/projetos.wlocus.com.br\/fcc\/wp-content\/uploads\/2020\/03\/imagem-professor-Edson-Martins.png\" alt=\"Edson Martins\" \/>\n\t\t\t<\/div>\n\t\t\t\t\t\n\t\t\t<div class=\"team-info\">\t\n\t\t\t\t<div class=\"team-subtitle\">Professor<\/div><h3 class=\"team-name\">Edson Martins<\/h3>\t\t\t\n\t\t\t\t<div class=\"team-desc\">Doutor em Ci\u00eancias da Religi\u00e3o pela Universidade Metodista de S\u00e3o Paulo, Mestre em Educa\u00e7\u00e3o pela Universidade Federal do Paran\u00e1, Mestre em Teologia pelo Semin\u00e1rio Teol\u00f3gico Batista do Sul do Brasil, P\u00f3s-Graduado em Educa\u00e7\u00e3o a Dist\u00e2ncia pelo Centro Universit\u00e1rio SENAC, Licenciado em Pedagogia pela Universidade Federal do Paran\u00e1 e Bacharel em Teologia pela Faculdade Teol\u00f3gica Batista de S\u00e3o Paulo.<\/div>\n\t\t\t\t\n\t\t\t\t\n\t\t\t<p class=\"box-readmore\">\n\t\t\t\t<a href=\"http:\/\/buscatextual.cnpq.br\/buscatextual\/visualizacv.do?id=K4773617H4\">Curr\u00edculo Lattes<\/a>\n\t\t\t<\/p>\n\t\t\t<\/div>\n\t\t<\/div>\n\t\n\t\t<div class=\"flat-team  has-image\">\n\t\t\t\n\t\t\t<div class=\"team-image\">\n\t\t\t\t<img src=\"https:\/\/projetos.wlocus.com.br\/fcc\/wp-content\/uploads\/2020\/03\/imagem-professor-Eliel-Gaby.png\" alt=\"Eliel Gaby\" \/>\n\t\t\t<\/div>\n\t\t\t\t\t\n\t\t\t<div class=\"team-info\">\t\n\t\t\t\t<div class=\"team-subtitle\">Professor<\/div><h3 class=\"team-name\">Eliel Gaby<\/h3>\t\t\t\n\t\t\t\t<div class=\"team-desc\">Mestre em Teologia Pastoral pela Faculdade Teol\u00f3gica Batista do Paran\u00e1, Mestre em Ci\u00eancias da Religi\u00e3o pela Faculdade Teol\u00f3gica Logos, P\u00f3s Graduado em Log\u00edstica pela FACEL, Engenheiro de Produ\u00e7\u00e3o pela Faculdade Radial e Bacharel em Teologia pela Faculdade de Educa\u00e7\u00e3o Teol\u00f3gica Logos<\/div>\n\t\t\t\t\n\t\t\t\t\n\t\t\t<p class=\"box-readmore\">\n\t\t\t\t<a href=\"#\">Curr\u00edculo Lattes<\/a>\n\t\t\t<\/p>\n\t\t\t<\/div>\n\t\t<\/div>\n\t\n\t\t<div class=\"flat-team  has-image\">\n\t\t\t\n\t\t\t<div class=\"team-image\">\n\t\t\t\t<img src=\"https:\/\/projetos.wlocus.com.br\/fcc\/wp-content\/uploads\/2020\/03\/imagem-professor-Gelci-Andre-Colli.png\" alt=\"Gelci Andr\u00e9 Colli\" \/>\n\t\t\t<\/div>\n\t\t\t\t\t\n\t\t\t<div class=\"team-info\">\t\n\t\t\t\t<div class=\"team-subtitle\">Professor<\/div><h3 class=\"team-name\">Gelci Andr\u00e9 Colli<\/h3>\t\t\t\n\t\t\t\t<div class=\"team-desc\">Doutor em Teologia pela Escola Superior de Teologia, Mestrado em Ci\u00eancias da Religi\u00e3o pela Universidade Metodista de S\u00e3o Paulo e Bacharel em Teologia pela Faculdade Teol\u00f3gica Batista do Paran\u00e1.<\/div>\n\t\t\t\t\n\t\t\t\t\n\t\t\t<p class=\"box-readmore\">\n\t\t\t\t<a href=\"http:\/\/buscatextual.cnpq.br\/buscatextual\/visualizacv.do?id=K4710863E1\">Curr\u00edculo Lattes<\/a>\n\t\t\t<\/p>\n\t\t\t<\/div>\n\t\t<\/div>\n\t\n\t\t<div class=\"flat-team  has-image\">\n\t\t\t\n\t\t\t<div class=\"team-image\">\n\t\t\t\t<img src=\"https:\/\/projetos.wlocus.com.br\/fcc\/wp-content\/uploads\/2020\/03\/imagem-professor-Sandro-Pereira.png\" alt=\"Sandro Pereira\" \/>\n\t\t\t<\/div>\n\t\t\t\t\t\n\t\t\t<div class=\"team-info\">\t\n\t\t\t\t<div class=\"team-subtitle\">Professor<\/div><h3 class=\"team-name\">Sandro Pereira<\/h3>\t\t\t\n\t\t\t\t<div class=\"team-desc\">Mestre em Ci\u00eancias da Religi\u00e3o pela Universidade Metodista de S\u00e3o Paulo, Especialista em Pedagogia Social pela FACEL, Especialista em Educa\u00e7\u00e3o a Dist\u00e2ncia pela FACEL, Especialista em Lideran\u00e7a pelo Instituto Haggai e Bacharel em Teologia pela Faculdade Batista do Paran\u00e1.<\/div>\n\t\t\t\t\n\t\t\t\t\n\t\t\t<p class=\"box-readmore\">\n\t\t\t\t<a href=\"#\">Curr\u00edculo Lattes<\/a>\n\t\t\t<\/p>\n\t\t\t<\/div>\n\t\t<\/div>\n\t\n\t\t<div class=\"flat-team  has-image\">\n\t\t\t\n\t\t\t<div class=\"team-image\">\n\t\t\t\t<img src=\"https:\/\/projetos.wlocus.com.br\/fcc\/wp-content\/uploads\/2020\/03\/imagem-professor-exemploe.png\" alt=\"Maria de Lourdes Koerich Belli Stella\" \/>\n\t\t\t<\/div>\n\t\t\t\t\t\n\t\t\t<div class=\"team-info\">\t\n\t\t\t\t<div class=\"team-subtitle\">Professora<\/div><h3 class=\"team-name\">Maria de Lourdes Koerich Belli Stella<\/h3>\t\t\t\n\t\t\t\t<div class=\"team-desc\">Gradua\u00e7\u00e3o em Teologia, P\u00f3s-Gradua\u00e7\u00e3o (Especializa\u00e7\u00e3o) Doc\u00eancia do Ensino Religioso e Especializa\u00e7\u00e3o em ensino Superior.<\/div>\n\t\t\t\t\n\t\t\t\t\n\t\t\t<p class=\"box-readmore\">\n\t\t\t\t<a href=\"#\">Curr\u00edculo Lattes<\/a>\n\t\t\t<\/p>\n\t\t\t<\/div>\n\t\t<\/div>\n\t[\/vc_column][\/vc_row]<\/p>\n","protected":false},"excerpt":{"rendered":"<p>[vc_row full_width=&#8221;stretch_row_content&#8221; content_placement=&#8221;middle&#8221; parallax=&#8221;content-moving-fade&#8221; parallax_image=&#8221;1870&#8243; default_id=&#8221;themesflat_1541595892&#8243; css=&#8221;.vc_custom_1584500179580{padding-top: 150px !important;padding-bottom: 100px !important;background-position: center;background-repeat: no-repeat !important;background-size: cover !important;}&#8221; el_id=&#8221;header-personalizada__header&#8221;][vc_column][vc_column_text] Corpo Docente Mestres, Doutores e Especialistas [\/vc_column_text][\/vc_column][\/vc_row][vc_row parallax_speed=&#8221;4&#8243; parallax_x=&#8221;4&#8243; parallax_y=&#8221;4&#8243; css=&#8221;.vc_custom_1584500389935{padding-top: 100px !important;padding-bottom: 100px !important;}&#8221;][vc_column width=&#8221;3\/12&#8243;][vc_wp_custommenu nav_menu=&#8221;33&#8243;][\/vc_column][vc_column width=&#8221;9\/12&#8243;][\/vc_column][\/vc_row]<\/p>\n","protected":false},"author":1,"featured_media":0,"parent":557,"menu_order":0,"comment_status":"closed","ping_status":"closed","template":"tpl\/front-page.php","meta":[],"_links":{"self":[{"href":"https:\/\/projetos.wlocus.com.br\/fcc\/wp-json\/wp\/v2\/pages\/526"}],"collection":[{"href":"https:\/\/projetos.wlocus.com.br\/fcc\/wp-json\/wp\/v2\/pages"}],"about":[{"href":"https:\/\/projetos.wlocus.com.br\/fcc\/wp-json\/wp\/v2\/types\/page"}],"author":[{"embeddable":true,"href":"https:\/\/projetos.wlocus.com.br\/fcc\/wp-json\/wp\/v2\/users\/1"}],"replies":[{"embeddable":true,"href":"https:\/\/projetos.wlocus.com.br\/fcc\/wp-json\/wp\/v2\/comments?post=526"}],"version-history":[{"count":27,"href":"https:\/\/projetos.wlocus.com.br\/fcc\/wp-json\/wp\/v2\/pages\/526\/revisions"}],"predecessor-version":[{"id":4122,"href":"https:\/\/projetos.wlocus.com.br\/fcc\/wp-json\/wp\/v2\/pages\/526\/revisions\/4122"}],"up":[{"embeddable":true,"href":"https:\/\/projetos.wlocus.com.br\/fcc\/wp-json\/wp\/v2\/pages\/557"}],"wp:attachment":[{"href":"https:\/\/projetos.wlocus.com.br\/fcc\/wp-json\/wp\/v2\/media?parent=526"}],"curies":[{"name":"wp","href":"https:\/\/api.w.org\/{rel}","templated":true}]}}