{"id":1760,"date":"2020-09-01T21:53:47","date_gmt":"2020-09-02T00:53:47","guid":{"rendered":"http:\/\/projetos.wlocus.com.br\/pibpiraquara\/?page_id=1760"},"modified":"2020-09-03T00:32:52","modified_gmt":"2020-09-03T03:32:52","slug":"ensino","status":"publish","type":"page","link":"https:\/\/projetos.wlocus.com.br\/pibpiraquara\/ministerios\/ensino\/","title":{"rendered":"Ensino"},"content":{"rendered":"<p>[vc_row full_width=&#8221;stretch_row&#8221; parallax=&#8221;content-moving&#8221; parallax_image=&#8221;4682&#8243; css_animation=&#8221;fadeIn&#8221; css=&#8221;.vc_custom_1599103971155{padding-top: 200px !important;padding-bottom: 50px !important;}&#8221;][vc_column][vc_custom_heading source=&#8221;post_title&#8221; font_container=&#8221;tag:h2|text_align:left|color:%23ffffff&#8221; google_fonts=&#8221;font_family:Archivo%20Black%3Aregular|font_style:400%20regular%3A400%3Anormal&#8221; css_animation=&#8221;fadeIn&#8221;][\/vc_column][\/vc_row][vc_row css_animation=&#8221;fadeIn&#8221; css=&#8221;.vc_custom_1599006589140{padding-top: 80px !important;padding-bottom: 80px !important;}&#8221;][vc_column][vc_column_text]<strong>CFM:<\/strong>\u00a0O Centro de Forma\u00e7\u00e3o Ministerial tende a desenvolver atividades para o fortalecimento da lideran\u00e7a atual e despertar novos l\u00edderes para estarem atuando nos minist\u00e9rios da igreja local e sendo relevante na comunidade, visando a expans\u00e3o do Reino de Deus.<\/p>\n<p><strong>EBD:<\/strong>\u00a0A Escola B\u00edblica Dominical promove o conhecimento b\u00edblico nas diferentes classes, conforme faixas et\u00e1rias e assuntos de interesse do aluno, para o crescimento espiritual de forma individual e em conjunto.[\/vc_column_text][\/vc_column][\/vc_row]<\/p>\n","protected":false},"excerpt":{"rendered":"<p>[vc_row full_width=&#8221;stretch_row&#8221; parallax=&#8221;content-moving&#8221; parallax_image=&#8221;4682&#8243; css_animation=&#8221;fadeIn&#8221; css=&#8221;.vc_custom_1599103971155{padding-top: 200px !important;padding-bottom: 50px !important;}&#8221;][vc_column][vc_custom_heading source=&#8221;post_title&#8221; font_container=&#8221;tag:h2|text_align:left|color:%23ffffff&#8221; google_fonts=&#8221;font_family:Archivo%20Black%3Aregular|font_style:400%20regular%3A400%3Anormal&#8221; css_animation=&#8221;fadeIn&#8221;][\/vc_column][\/vc_row][vc_row css_animation=&#8221;fadeIn&#8221; css=&#8221;.vc_custom_1599006589140{padding-top: 80px !important;padding-bottom: 80px !important;}&#8221;][vc_column][vc_column_text]CFM:\u00a0O Centro de Forma\u00e7\u00e3o Ministerial tende a desenvolver atividades para o fortalecimento da lideran\u00e7a atual e despertar novos l\u00edderes para estarem atuando nos minist\u00e9rios da igreja local e sendo relevante na comunidade, [&hellip;]<\/p>\n","protected":false},"author":1,"featured_media":0,"parent":1766,"menu_order":0,"comment_status":"closed","ping_status":"closed","template":"tpl\/front-page.php","meta":[],"_links":{"self":[{"href":"https:\/\/projetos.wlocus.com.br\/pibpiraquara\/wp-json\/wp\/v2\/pages\/1760"}],"collection":[{"href":"https:\/\/projetos.wlocus.com.br\/pibpiraquara\/wp-json\/wp\/v2\/pages"}],"about":[{"href":"https:\/\/projetos.wlocus.com.br\/pibpiraquara\/wp-json\/wp\/v2\/types\/page"}],"author":[{"embeddable":true,"href":"https:\/\/projetos.wlocus.com.br\/pibpiraquara\/wp-json\/wp\/v2\/users\/1"}],"replies":[{"embeddable":true,"href":"https:\/\/projetos.wlocus.com.br\/pibpiraquara\/wp-json\/wp\/v2\/comments?post=1760"}],"version-history":[{"count":3,"href":"https:\/\/projetos.wlocus.com.br\/pibpiraquara\/wp-json\/wp\/v2\/pages\/1760\/revisions"}],"predecessor-version":[{"id":4683,"href":"https:\/\/projetos.wlocus.com.br\/pibpiraquara\/wp-json\/wp\/v2\/pages\/1760\/revisions\/4683"}],"up":[{"embeddable":true,"href":"https:\/\/projetos.wlocus.com.br\/pibpiraquara\/wp-json\/wp\/v2\/pages\/1766"}],"wp:attachment":[{"href":"https:\/\/projetos.wlocus.com.br\/pibpiraquara\/wp-json\/wp\/v2\/media?parent=1760"}],"curies":[{"name":"wp","href":"https:\/\/api.w.org\/{rel}","templated":true}]}}