{"id":1792,"date":"2019-03-07T15:55:36","date_gmt":"2019-03-07T18:55:36","guid":{"rendered":"http:\/\/projetos.wlocus.com.br\/fcc\/?page_id=1792"},"modified":"2020-03-19T20:27:57","modified_gmt":"2020-03-19T23:27:57","slug":"diretoria","status":"publish","type":"page","link":"https:\/\/projetos.wlocus.com.br\/treinamento\/sitefcc\/institucional\/diretoria\/","title":{"rendered":"Diretoria"},"content":{"rendered":"<p>[vc_row full_width=&#8221;stretch_row_content&#8221; content_placement=&#8221;middle&#8221; parallax=&#8221;content-moving-fade&#8221; parallax_image=&#8221;1870&#8243; default_id=&#8221;themesflat_1541595892&#8243; css=&#8221;.vc_custom_1584660357389{padding-top: 150px !important;padding-bottom: 100px !important;background-position: center;background-repeat: no-repeat !important;background-size: cover !important;}&#8221; el_id=&#8221;header-personalizada__header&#8221;][vc_column][vc_column_text]<\/p>\n<h1 style=\"text-align: center;\">Diretoria<\/h1>\n<p style=\"text-align: center;\">Prof. Sandro Pereira<\/p>\n<p>[\/vc_column_text][\/vc_column][\/vc_row][vc_row css=&#8221;.vc_custom_1584660417516{padding-top: 100px !important;padding-bottom: 100px !important;}&#8221;][vc_column width=&#8221;3\/12&#8243;][vc_wp_custommenu nav_menu=&#8221;33&#8243;][\/vc_column][vc_column width=&#8221;9\/12&#8243;]\n\t\t<div class=\"flat-team  has-image\">\n\t\t\t\n\t\t\t<div class=\"team-image\">\n\t\t\t\t<img src=\"https:\/\/projetos.wlocus.com.br\/treinamento\/sitefcc\/wp-content\/uploads\/2019\/03\/diretor-sandro-pereira-faculdade-crista-de-curitiba.png\" alt=\"Sandro Pereira\" \/>\n\t\t\t<\/div>\n\t\t\t\t\t\n\t\t\t<div class=\"team-info\">\t\n\t\t\t\t<div class=\"team-subtitle\">Diretor<\/div><h3 class=\"team-name\">Sandro Pereira<\/h3>\t\t\t\n\t\t\t\t<div class=\"team-desc\">Forma\u00e7\u00e3o acad\u00eamica<br \/>\n\u2013 Mestre em Ci\u00eancias da Religi\u00e3o pela Universidade Metodista de S\u00e3o Paulo (2012)<br \/>\n\u2013 Especialista em Pedagogia Social pela FACEL (2013)<br \/>\n\u2013 Especialista em Educa\u00e7\u00e3o a Dist\u00e2ncia pela FACEL (2010)<br \/>\n\u2013 Especialista em Lideran\u00e7a pelo Instituto Haggai (2009)<br \/>\n\u2013 Bacharel em Teologia pela Faculdade Batista do Paran\u00e1 (2005 \u2013 2008)<br \/>\nE-mail: diretoria@faculdadecristadecuritiba.com.br<\/div>\n\t\t\t\t\n\t\t\t\t\n\t\t\t<\/div>\n\t\t<\/div>\n\t[\/vc_column][\/vc_row]<\/p>\n","protected":false},"excerpt":{"rendered":"<p>[vc_row full_width=&#8221;stretch_row_content&#8221; content_placement=&#8221;middle&#8221; parallax=&#8221;content-moving-fade&#8221; parallax_image=&#8221;1870&#8243; default_id=&#8221;themesflat_1541595892&#8243; css=&#8221;.vc_custom_1584660357389{padding-top: 150px !important;padding-bottom: 100px !important;background-position: center;background-repeat: no-repeat !important;background-size: cover !important;}&#8221; el_id=&#8221;header-personalizada__header&#8221;][vc_column][vc_column_text] Diretoria Prof. Sandro Pereira [\/vc_column_text][\/vc_column][\/vc_row][vc_row css=&#8221;.vc_custom_1584660417516{padding-top: 100px !important;padding-bottom: 100px !important;}&#8221;][vc_column width=&#8221;3\/12&#8243;][vc_wp_custommenu nav_menu=&#8221;33&#8243;][\/vc_column][vc_column width=&#8221;9\/12&#8243;][\/vc_column][\/vc_row]<\/p>\n","protected":false},"author":1,"featured_media":0,"parent":557,"menu_order":0,"comment_status":"closed","ping_status":"closed","template":"tpl\/front-page.php","meta":[],"_links":{"self":[{"href":"https:\/\/projetos.wlocus.com.br\/treinamento\/sitefcc\/wp-json\/wp\/v2\/pages\/1792"}],"collection":[{"href":"https:\/\/projetos.wlocus.com.br\/treinamento\/sitefcc\/wp-json\/wp\/v2\/pages"}],"about":[{"href":"https:\/\/projetos.wlocus.com.br\/treinamento\/sitefcc\/wp-json\/wp\/v2\/types\/page"}],"author":[{"embeddable":true,"href":"https:\/\/projetos.wlocus.com.br\/treinamento\/sitefcc\/wp-json\/wp\/v2\/users\/1"}],"replies":[{"embeddable":true,"href":"https:\/\/projetos.wlocus.com.br\/treinamento\/sitefcc\/wp-json\/wp\/v2\/comments?post=1792"}],"version-history":[{"count":9,"href":"https:\/\/projetos.wlocus.com.br\/treinamento\/sitefcc\/wp-json\/wp\/v2\/pages\/1792\/revisions"}],"predecessor-version":[{"id":4102,"href":"https:\/\/projetos.wlocus.com.br\/treinamento\/sitefcc\/wp-json\/wp\/v2\/pages\/1792\/revisions\/4102"}],"up":[{"embeddable":true,"href":"https:\/\/projetos.wlocus.com.br\/treinamento\/sitefcc\/wp-json\/wp\/v2\/pages\/557"}],"wp:attachment":[{"href":"https:\/\/projetos.wlocus.com.br\/treinamento\/sitefcc\/wp-json\/wp\/v2\/media?parent=1792"}],"curies":[{"name":"wp","href":"https:\/\/api.w.org\/{rel}","templated":true}]}}