{"id":557,"date":"2017-02-06T07:31:12","date_gmt":"2017-02-06T07:31:12","guid":{"rendered":"http:\/\/localhost\/finance\/?page_id=557"},"modified":"2020-03-19T20:14:22","modified_gmt":"2020-03-19T23:14:22","slug":"institucional","status":"publish","type":"page","link":"https:\/\/projetos.wlocus.com.br\/treinamento\/sitefcc\/institucional\/","title":{"rendered":"Institucional"},"content":{"rendered":"<p>[vc_row full_width=&#8221;stretch_row_content&#8221; content_placement=&#8221;middle&#8221; parallax=&#8221;content-moving-fade&#8221; parallax_image=&#8221;1870&#8243; default_id=&#8221;themesflat_1541595892&#8243; css=&#8221;.vc_custom_1584499126150{padding-top: 150px !important;padding-bottom: 100px !important;background-position: center;background-repeat: no-repeat !important;background-size: cover !important;}&#8221; el_id=&#8221;header-personalizada__header&#8221;][vc_column][vc_column_text]<\/p>\n<h1 style=\"text-align: center;\">Institucional<\/h1>\n<p style=\"text-align: center;\">Nossa miss\u00e3o \u00e9 desenvolver um ensino de qualidade<\/p>\n<p>[\/vc_column_text][\/vc_column][\/vc_row][vc_row css=&#8221;.vc_custom_1584659659806{padding-top: 100px !important;padding-bottom: 100px !important;}&#8221;][vc_column width=&#8221;3\/12&#8243;][vc_wp_custommenu nav_menu=&#8221;33&#8243;][\/vc_column][vc_column width=&#8221;9\/12&#8243;][vc_column_text]<\/p>\n<h4 class=\"box-title\">Nossa Hist\u00f3ria<\/h4>\n<p>A Faculdade Crist\u00e3 de Curitiba se insere dentro da vis\u00e3o social e educacional sonhada pela Igreja Evang\u00e9lica Assembleia de Deus desde sua inser\u00e7\u00e3o em Curitiba. Para melhor atender a capacita\u00e7\u00e3o dos l\u00edderes que atuam nas suas diferentes congrega\u00e7\u00f5es, a Igreja Evang\u00e9lica Assembleia de Deus de Curitiba fundou em novembro de 1990 a AEIEADC \u2013 Associa\u00e7\u00e3o Educacional Igreja Evang\u00e9lica Assembleia de Deus em Curitiba.[\/vc_column_text][vc_empty_space height=&#8221;24px&#8221;][vc_column_text]A partir de 1991 a AEIEADC inicia suas atividades educacionais no ensino teol\u00f3gico com uma institui\u00e7\u00e3o denominada FATADC \u2013 Faculdade Teol\u00f3gica da Assembleia de Deus em Curitiba . Embora tivesse a denomina\u00e7\u00e3o de Faculdade, durante este tempo ofereceu somente cursos livres. Em 23 de dezembro de 2009, atrav\u00e9s da Portaria n\u00ba 1219, a FATADC foi credenciada junto ao MEC e em 08 de fevereiro de 2010, atrav\u00e9s da Portaria n\u00ba 137 o seu curso de Bacharelado em Teologia foi autorizado pelo Minist\u00e9rio da Educa\u00e7\u00e3o, abrindo suas primeiras turmas em julho de 2010.[\/vc_column_text][vc_empty_space height=&#8221;24px&#8221;][vc_column_text]No dia 07 de abril de 2012, a mantenedora alterou seu Estatuto e mudou o nome da IES para Faculdade Crist\u00e3 de Curitiba \u2013 FCC, oficializado pela Portaria n\u00ba 252, da Secretaria de Regula\u00e7\u00e3o e Supervis\u00e3o da Educa\u00e7\u00e3o Superior, de 5 de junho de 2013, publicada no Di\u00e1rio Oficial da Uni\u00e3o em 06\/06\/2013.[\/vc_column_text][vc_column_text]<\/p>\n<h4 class=\"box-title\">Nossa Vis\u00e3o<\/h4>\n<p>A Vis\u00e3o da Faculdade Crist\u00e3 de Curitiba \u00e9 desenvolver ensino de qualidade, gerar e transmitir conhecimentos e interagir com a comunidade visando seu benef\u00edcio, atrav\u00e9s de a\u00e7\u00f5es religiosas, educacionais e sociais.[\/vc_column_text][vc_empty_space height=&#8221;10px&#8221;][vc_column_text]<\/p>\n<h4 class=\"box-title\">Nossa Miss\u00e3o<\/h4>\n<p>A Miss\u00e3o da Faculdade Crist\u00e3 de Curitiba \u00e9 desenvolver um ensino de qualidade, formando pessoas aptas a gerar e transmitir conhecimentos, capazes de agir em prol da Sociedade Brasileira atrav\u00e9s de a\u00e7\u00f5es religiosas, educacionais e sociais, contribuindo cada vez mais para que alcancemos uma sociedade mais justa, inclusiva e cidad\u00e3.[\/vc_column_text][vc_column_text]<\/p>\n<blockquote><p>A Faculdade Crist\u00e3 de Curitiba est\u00e1 consciente de sua responsabilidade de formar pastores e te\u00f3logos cr\u00edticos e reflexivos, capazes de compreender a din\u00e2mica do fato religioso que perpassa a vida humana em suas v\u00e1rias dimens\u00f5es, fomentando o di\u00e1logo cient\u00edfico e interdisciplinar, bem como, a partir pluralidade cultural e religiosa de nosso pa\u00eds, promover o conhecimento e o di\u00e1logo com as diferentes correntes teol\u00f3gicas.<\/p><\/blockquote>\n<p>[\/vc_column_text][vc_empty_space height=&#8221;24px&#8221;][vc_column_text]<\/p>\n<h4 class=\"box-title\">Nossos Objetivos<\/h4>\n<p>a) Estimular a cria\u00e7\u00e3o cultural e o desenvolvimento do esp\u00edrito cient\u00edfico e do pensamento reflexivo;<\/p>\n<p>b) Formar diplomados nas diferentes \u00e1reas de conhecimento, aptos para a inser\u00e7\u00e3o em setores profissionais e para a participa\u00e7\u00e3o no desenvolvimento da sociedade brasileira, e colaborar na sua forma\u00e7\u00e3o cont\u00ednua;<\/p>\n<p>c) Incentivar o trabalho de pesquisa e investiga\u00e7\u00e3o cient\u00edfica, visando ao desenvolvimento da ci\u00eancia e da tecnologia e da cria\u00e7\u00e3o e difus\u00e3o da cultura, e, desse modo, desenvolver o entendimento do homem e do meio em que vive;<\/p>\n<p>d) Promover a divulga\u00e7\u00e3o de conhecimentos culturais, cient\u00edficos e t\u00e9cnicos que constituem patrim\u00f4nio da humanidade e comunicar o saber atrav\u00e9s do ensino, de publica\u00e7\u00f5es ou de outras formas de comunica\u00e7\u00e3o;<\/p>\n<p>e) Suscitar o desejo permanente de aperfei\u00e7oamento cultural e profissional e possibilitar a correspondente concretiza\u00e7\u00e3o, integrando os conhecimentos que v\u00e3o sendo adquiridos numa estrutura intelectual sistematizadora do conhecimento de cada gera\u00e7\u00e3o;<\/p>\n<p>f) Estimular o conhecimento dos problemas do mundo presente, em particular os nacionais e regionais, prestar servi\u00e7os especializados \u00e0 comunidade e estabelecer com esta uma rela\u00e7\u00e3o de reciprocidade;<\/p>\n<p>g) Promover a extens\u00e3o, aberta \u00e0 participa\u00e7\u00e3o da popula\u00e7\u00e3o, visando \u00e0 difus\u00e3o das conquistas e benef\u00edcios resultantes da cria\u00e7\u00e3o cultural e da pesquisa cient\u00edfica e tecnol\u00f3gica geradas na institui\u00e7\u00e3o.[\/vc_column_text][\/vc_column][\/vc_row]<\/p>\n","protected":false},"excerpt":{"rendered":"<p>[vc_row full_width=&#8221;stretch_row_content&#8221; content_placement=&#8221;middle&#8221; parallax=&#8221;content-moving-fade&#8221; parallax_image=&#8221;1870&#8243; default_id=&#8221;themesflat_1541595892&#8243; css=&#8221;.vc_custom_1584499126150{padding-top: 150px !important;padding-bottom: 100px !important;background-position: center;background-repeat: no-repeat !important;background-size: cover !important;}&#8221; el_id=&#8221;header-personalizada__header&#8221;][vc_column][vc_column_text] Institucional Nossa miss\u00e3o \u00e9 desenvolver um ensino de qualidade [\/vc_column_text][\/vc_column][\/vc_row][vc_row css=&#8221;.vc_custom_1584659659806{padding-top: 100px !important;padding-bottom: 100px !important;}&#8221;][vc_column width=&#8221;3\/12&#8243;][vc_wp_custommenu nav_menu=&#8221;33&#8243;][\/vc_column][vc_column width=&#8221;9\/12&#8243;][vc_column_text] Nossa Hist\u00f3ria A Faculdade Crist\u00e3 de Curitiba se insere dentro da vis\u00e3o social e educacional sonhada [&hellip;]<\/p>\n","protected":false},"author":1,"featured_media":0,"parent":0,"menu_order":0,"comment_status":"closed","ping_status":"closed","template":"tpl\/front-page.php","meta":[],"_links":{"self":[{"href":"https:\/\/projetos.wlocus.com.br\/treinamento\/sitefcc\/wp-json\/wp\/v2\/pages\/557"}],"collection":[{"href":"https:\/\/projetos.wlocus.com.br\/treinamento\/sitefcc\/wp-json\/wp\/v2\/pages"}],"about":[{"href":"https:\/\/projetos.wlocus.com.br\/treinamento\/sitefcc\/wp-json\/wp\/v2\/types\/page"}],"author":[{"embeddable":true,"href":"https:\/\/projetos.wlocus.com.br\/treinamento\/sitefcc\/wp-json\/wp\/v2\/users\/1"}],"replies":[{"embeddable":true,"href":"https:\/\/projetos.wlocus.com.br\/treinamento\/sitefcc\/wp-json\/wp\/v2\/comments?post=557"}],"version-history":[{"count":30,"href":"https:\/\/projetos.wlocus.com.br\/treinamento\/sitefcc\/wp-json\/wp\/v2\/pages\/557\/revisions"}],"predecessor-version":[{"id":4099,"href":"https:\/\/projetos.wlocus.com.br\/treinamento\/sitefcc\/wp-json\/wp\/v2\/pages\/557\/revisions\/4099"}],"wp:attachment":[{"href":"https:\/\/projetos.wlocus.com.br\/treinamento\/sitefcc\/wp-json\/wp\/v2\/media?parent=557"}],"curies":[{"name":"wp","href":"https:\/\/api.w.org\/{rel}","templated":true}]}}